{"id":21,"date":"2021-12-11T22:53:02","date_gmt":"2021-12-11T21:53:02","guid":{"rendered":"https:\/\/www.feinwerkoptik-zuend.ch\/?page_id=21"},"modified":"2025-02-28T09:54:51","modified_gmt":"2025-02-28T08:54:51","slug":"aktuelles","status":"publish","type":"page","link":"https:\/\/www.feinwerkoptik-zuend.ch\/en\/aktuelles\/","title":{"rendered":"News"},"content":{"rendered":"<div data-elementor-type=\"wp-page\" data-elementor-id=\"21\" class=\"elementor elementor-21\" data-elementor-post-type=\"page\">\n\t\t\t\t\t\t<section class=\"elementor-section elementor-top-section elementor-element elementor-element-850dc5a elementor-section-boxed elementor-section-height-default elementor-section-height-default\" data-id=\"850dc5a\" data-element_type=\"section\" data-e-type=\"section\">\n\t\t\t\t\t\t<div class=\"elementor-container elementor-column-gap-default\">\n\t\t\t\t\t<div class=\"elementor-column elementor-col-100 elementor-top-column elementor-element elementor-element-4579c73\" data-id=\"4579c73\" data-element_type=\"column\" data-e-type=\"column\">\n\t\t\t<div class=\"elementor-widget-wrap elementor-element-populated\">\n\t\t\t\t\t\t<div class=\"elementor-element elementor-element-b7a10d8 elementor-widget elementor-widget-text-editor\" data-id=\"b7a10d8\" data-element_type=\"widget\" data-e-type=\"widget\" data-widget_type=\"text-editor.default\">\n\t\t\t\t<div class=\"elementor-widget-container\">\n\t\t\t\t\t\t\t\t\t<p>Learn more about our team, a wide variety of projects, cutting-edge technology and photonic industry news!<\/p>\t\t\t\t\t\t\t\t<\/div>\n\t\t\t\t<\/div>\n\t\t\t\t\t<\/div>\n\t\t<\/div>\n\t\t\t\t\t<\/div>\n\t\t<\/section>\n\t\t\t\t<section class=\"elementor-section elementor-top-section elementor-element elementor-element-7af5f92 elementor-section-boxed elementor-section-height-default elementor-section-height-default\" data-id=\"7af5f92\" data-element_type=\"section\" data-e-type=\"section\">\n\t\t\t\t\t\t<div class=\"elementor-container elementor-column-gap-default\">\n\t\t\t\t\t<div class=\"elementor-column elementor-col-100 elementor-top-column elementor-element elementor-element-9bccb20\" data-id=\"9bccb20\" data-element_type=\"column\" data-e-type=\"column\">\n\t\t\t<div class=\"elementor-widget-wrap elementor-element-populated\">\n\t\t\t\t\t\t<div class=\"elementor-element elementor-element-69d8358 pp-equal-height-yes elementor-grid-3 elementor-grid-tablet-2 elementor-grid-mobile-1 elementor-widget elementor-widget-pp-posts\" data-id=\"69d8358\" data-element_type=\"widget\" data-e-type=\"widget\" data-widget_type=\"pp-posts.card\">\n\t\t\t\t<div class=\"elementor-widget-container\">\n\t\t\t\t\t\t\t<div class=\"pp-posts-container\">\n\t\t\t\n\t\t\t\t\t\t\t\t\t\t\n\t\t\t<div class=\"pp-posts pp-posts-skin-card elementor-grid pp-posts-grid\" data-query-type=\"custom\" data-layout=\"grid\" data-page=\"21\" data-skin=\"card\">\n\t\t\t\t\t\t\t\t\t\t\t<div class=\"pp-post-wrap pp-grid-item-wrap elementor-grid-item post-1443 post type-post status-publish format-standard has-post-thumbnail hentry category-allgemein\">\n\t\t\t\t\t\t<div class=\"pp-post pp-grid-item\">\n\t\t\t\t\t\t<div class=\"pp-post-thumbnail\">\n\t\t\t<a class=\"pp-post-thumbnail-wrap\" href=\"https:\/\/www.feinwerkoptik-zuend.ch\/en\/about-our-customers-and-partners\/\" title=\"About our customers and partners\">\n\t\t\t\t<img fetchpriority=\"high\" decoding=\"async\" width=\"1024\" height=\"684\" src=\"https:\/\/www.feinwerkoptik-zuend.ch\/wp-content\/uploads\/2023\/01\/AdobeStock_197918422-1024x684.jpg\" class=\"attachment-large size-large wp-image-1444\" alt=\"\" srcset=\"https:\/\/www.feinwerkoptik-zuend.ch\/wp-content\/uploads\/2023\/01\/AdobeStock_197918422-1024x684.jpg 1024w, https:\/\/www.feinwerkoptik-zuend.ch\/wp-content\/uploads\/2023\/01\/AdobeStock_197918422-300x200.jpg 300w, https:\/\/www.feinwerkoptik-zuend.ch\/wp-content\/uploads\/2023\/01\/AdobeStock_197918422-768x513.jpg 768w, https:\/\/www.feinwerkoptik-zuend.ch\/wp-content\/uploads\/2023\/01\/AdobeStock_197918422-1536x1025.jpg 1536w, https:\/\/www.feinwerkoptik-zuend.ch\/wp-content\/uploads\/2023\/01\/AdobeStock_197918422-2048x1367.jpg 2048w, https:\/\/www.feinwerkoptik-zuend.ch\/wp-content\/uploads\/2023\/01\/AdobeStock_197918422-18x12.jpg 18w\" sizes=\"(max-width: 1024px) 100vw, 1024px\" \/>\t\t\t<\/a>\n\t\t<\/div>\n\t\t\n\t\t\t\t<div class=\"pp-post-content-wrap\">\n\t\t\t\t\t<div class=\"pp-post-content\">\n\t\t\t\t\t\t\t\t\t\t<div class=\"pp-post-terms-wrap\">\n\t\t\t<span class=\"pp-post-terms\">\n\t\t\t\t<span class=\"pp-post-term\"><a href=\"https:\/\/www.feinwerkoptik-zuend.ch\/en\/category\/allgemein\/\">General<\/a><\/span>\t\t\t<\/span>\n\t\t<\/div>\n\t\t\t\t\t\t\t\t\t\t<h2 class=\"pp-post-title\">\n\t\t\t\t<a href=\"https:\/\/www.feinwerkoptik-zuend.ch\/en\/about-our-customers-and-partners\/\">About our customers and partners<\/a>\t\t\t<\/h2>\n\t\t\t\t\t\t\t<div class=\"pp-post-excerpt\">\n\t\t\tOur optical components are particular, individualized parts that always belong to a larger product. For example, we develop and produce a lens for an endoscope, which is installed in an assembly. But how does that cooperation work?\t\t<\/div>\n\t\t\t\t\t\t\t\t\t<\/div>\n\t\t\t\t\t\t\t\t\t<\/div>\n\n\t\t\t\t\t\t\t<\/div>\n\t\t\t\t\t<\/div>\n\t\t\t\t<div class=\"pp-post-wrap pp-grid-item-wrap elementor-grid-item post-1437 post type-post status-publish format-standard has-post-thumbnail hentry category-allgemein\">\n\t\t\t\t\t\t<div class=\"pp-post pp-grid-item\">\n\t\t\t\t\t\t<div class=\"pp-post-thumbnail\">\n\t\t\t<a class=\"pp-post-thumbnail-wrap\" href=\"https:\/\/www.feinwerkoptik-zuend.ch\/en\/ein-blick-in-das-endoskop\/\" title=\"How an image is created from optical components\">\n\t\t\t\t<img decoding=\"async\" width=\"1024\" height=\"837\" src=\"https:\/\/www.feinwerkoptik-zuend.ch\/wp-content\/uploads\/2023\/01\/Endoskop_Details-1024x837.png\" class=\"attachment-large size-large wp-image-1438\" alt=\"\" srcset=\"https:\/\/www.feinwerkoptik-zuend.ch\/wp-content\/uploads\/2023\/01\/Endoskop_Details-1024x837.png 1024w, https:\/\/www.feinwerkoptik-zuend.ch\/wp-content\/uploads\/2023\/01\/Endoskop_Details-300x245.png 300w, https:\/\/www.feinwerkoptik-zuend.ch\/wp-content\/uploads\/2023\/01\/Endoskop_Details-768x627.png 768w, https:\/\/www.feinwerkoptik-zuend.ch\/wp-content\/uploads\/2023\/01\/Endoskop_Details-1536x1255.png 1536w, https:\/\/www.feinwerkoptik-zuend.ch\/wp-content\/uploads\/2023\/01\/Endoskop_Details-2048x1673.png 2048w, https:\/\/www.feinwerkoptik-zuend.ch\/wp-content\/uploads\/2023\/01\/Endoskop_Details-15x12.png 15w\" sizes=\"(max-width: 1024px) 100vw, 1024px\" \/>\t\t\t<\/a>\n\t\t<\/div>\n\t\t\n\t\t\t\t<div class=\"pp-post-content-wrap\">\n\t\t\t\t\t<div class=\"pp-post-content\">\n\t\t\t\t\t\t\t\t\t\t<div class=\"pp-post-terms-wrap\">\n\t\t\t<span class=\"pp-post-terms\">\n\t\t\t\t<span class=\"pp-post-term\"><a href=\"https:\/\/www.feinwerkoptik-zuend.ch\/en\/category\/allgemein\/\">General<\/a><\/span>\t\t\t<\/span>\n\t\t<\/div>\n\t\t\t\t\t\t\t\t\t\t<h2 class=\"pp-post-title\">\n\t\t\t\t<a href=\"https:\/\/www.feinwerkoptik-zuend.ch\/en\/ein-blick-in-das-endoskop\/\">How an image is created from optical components<\/a>\t\t\t<\/h2>\n\t\t\t\t\t\t\t<div class=\"pp-post-excerpt\">\n\t\t\tEndoscopes make it possible to look inside the body without performing major invasive procedures. But how does an endoscope work? Ren\u00e9 Z\u00fcnd explains which optical components are necessary and what tasks they fulfil.\t\t<\/div>\n\t\t\t\t\t\t\t\t\t<\/div>\n\t\t\t\t\t\t\t\t\t<\/div>\n\n\t\t\t\t\t\t\t<\/div>\n\t\t\t\t\t<\/div>\n\t\t\t\t<div class=\"pp-post-wrap pp-grid-item-wrap elementor-grid-item post-1361 post type-post status-publish format-standard has-post-thumbnail hentry category-aktuelles\">\n\t\t\t\t\t\t<div class=\"pp-post pp-grid-item\">\n\t\t\t\t\t\t<div class=\"pp-post-thumbnail\">\n\t\t\t<a class=\"pp-post-thumbnail-wrap\" href=\"https:\/\/www.feinwerkoptik-zuend.ch\/en\/die-zukunft-von-kameras-in-der-medizin\/\" title=\"The Future of Cameras in Medicine\">\n\t\t\t\t<img decoding=\"async\" width=\"1024\" height=\"533\" src=\"https:\/\/www.feinwerkoptik-zuend.ch\/wp-content\/uploads\/2021\/12\/ophtalmische-endoskop-1024x533.jpg\" class=\"attachment-large size-large wp-image-437\" alt=\"\" srcset=\"https:\/\/www.feinwerkoptik-zuend.ch\/wp-content\/uploads\/2021\/12\/ophtalmische-endoskop-1024x533.jpg 1024w, https:\/\/www.feinwerkoptik-zuend.ch\/wp-content\/uploads\/2021\/12\/ophtalmische-endoskop-300x156.jpg 300w, https:\/\/www.feinwerkoptik-zuend.ch\/wp-content\/uploads\/2021\/12\/ophtalmische-endoskop-768x400.jpg 768w, https:\/\/www.feinwerkoptik-zuend.ch\/wp-content\/uploads\/2021\/12\/ophtalmische-endoskop-1536x800.jpg 1536w, https:\/\/www.feinwerkoptik-zuend.ch\/wp-content\/uploads\/2021\/12\/ophtalmische-endoskop.jpg 1920w\" sizes=\"(max-width: 1024px) 100vw, 1024px\" \/>\t\t\t<\/a>\n\t\t<\/div>\n\t\t\n\t\t\t\t<div class=\"pp-post-content-wrap\">\n\t\t\t\t\t<div class=\"pp-post-content\">\n\t\t\t\t\t\t\t\t\t\t<div class=\"pp-post-terms-wrap\">\n\t\t\t<span class=\"pp-post-terms\">\n\t\t\t\t<span class=\"pp-post-term\"><a href=\"https:\/\/www.feinwerkoptik-zuend.ch\/en\/category\/aktuelles\/\">News<\/a><\/span>\t\t\t<\/span>\n\t\t<\/div>\n\t\t\t\t\t\t\t\t\t\t<h2 class=\"pp-post-title\">\n\t\t\t\t<a href=\"https:\/\/www.feinwerkoptik-zuend.ch\/en\/die-zukunft-von-kameras-in-der-medizin\/\">The Future of Cameras in Medicine<\/a>\t\t\t<\/h2>\n\t\t\t\t\t\t\t<div class=\"pp-post-excerpt\">\n\t\t\tMinimally invasive interventions are standard in many medical fields \u2013 from knee arthroscopies to colonoscopies. They require using ultra-modern, tiny cameras that provide insights into the body. Feinwerkoptik Z\u00fcnd...\t\t<\/div>\n\t\t\t\t\t\t\t\t\t<\/div>\n\t\t\t\t\t\t\t\t\t<\/div>\n\n\t\t\t\t\t\t\t<\/div>\n\t\t\t\t\t<\/div>\n\t\t\t\t<div class=\"pp-post-wrap pp-grid-item-wrap elementor-grid-item post-1380 post type-post status-publish format-standard has-post-thumbnail hentry category-aktuelles\">\n\t\t\t\t\t\t<div class=\"pp-post pp-grid-item\">\n\t\t\t\t\t\t<div class=\"pp-post-thumbnail\">\n\t\t\t<a class=\"pp-post-thumbnail-wrap\" href=\"https:\/\/www.feinwerkoptik-zuend.ch\/en\/ueber-20-jahre-erfahrung\/\" title=\"Over 20 years of experience\">\n\t\t\t\t<img loading=\"lazy\" decoding=\"async\" width=\"1024\" height=\"576\" src=\"https:\/\/www.feinwerkoptik-zuend.ch\/wp-content\/uploads\/2022\/11\/20221103_092233-1024x576.jpg\" class=\"attachment-large size-large wp-image-1389\" alt=\"\" srcset=\"https:\/\/www.feinwerkoptik-zuend.ch\/wp-content\/uploads\/2022\/11\/20221103_092233-1024x576.jpg 1024w, https:\/\/www.feinwerkoptik-zuend.ch\/wp-content\/uploads\/2022\/11\/20221103_092233-300x169.jpg 300w, https:\/\/www.feinwerkoptik-zuend.ch\/wp-content\/uploads\/2022\/11\/20221103_092233-768x432.jpg 768w, https:\/\/www.feinwerkoptik-zuend.ch\/wp-content\/uploads\/2022\/11\/20221103_092233-1536x864.jpg 1536w, https:\/\/www.feinwerkoptik-zuend.ch\/wp-content\/uploads\/2022\/11\/20221103_092233-2048x1152.jpg 2048w, https:\/\/www.feinwerkoptik-zuend.ch\/wp-content\/uploads\/2022\/11\/20221103_092233-18x10.jpg 18w\" sizes=\"(max-width: 1024px) 100vw, 1024px\" \/>\t\t\t<\/a>\n\t\t<\/div>\n\t\t\n\t\t\t\t<div class=\"pp-post-content-wrap\">\n\t\t\t\t\t<div class=\"pp-post-content\">\n\t\t\t\t\t\t\t\t\t\t<div class=\"pp-post-terms-wrap\">\n\t\t\t<span class=\"pp-post-terms\">\n\t\t\t\t<span class=\"pp-post-term\"><a href=\"https:\/\/www.feinwerkoptik-zuend.ch\/en\/category\/aktuelles\/\">News<\/a><\/span>\t\t\t<\/span>\n\t\t<\/div>\n\t\t\t\t\t\t\t\t\t\t<h2 class=\"pp-post-title\">\n\t\t\t\t<a href=\"https:\/\/www.feinwerkoptik-zuend.ch\/en\/ueber-20-jahre-erfahrung\/\">Over 20 years of experience<\/a>\t\t\t<\/h2>\n\t\t\t\t\t\t\t<div class=\"pp-post-excerpt\">\n\t\t\tEvery day, three of our longest-serving employees can be found in a good mood and professional at Feinwerkoptik Z\u00fcnd. Sofia Santos and Filippina Prestagiacomo have been with us for 27 years, and Sanela Gasanin for 24...\t\t<\/div>\n\t\t\t\t\t\t\t\t\t<\/div>\n\t\t\t\t\t\t\t\t\t<\/div>\n\n\t\t\t\t\t\t\t<\/div>\n\t\t\t\t\t<\/div>\n\t\t\t\t<div class=\"pp-post-wrap pp-grid-item-wrap elementor-grid-item post-1323 post type-post status-publish format-standard has-post-thumbnail hentry category-allgemein\">\n\t\t\t\t\t\t<div class=\"pp-post pp-grid-item\">\n\t\t\t\t\t\t<div class=\"pp-post-thumbnail\">\n\t\t\t<a class=\"pp-post-thumbnail-wrap\" href=\"https:\/\/www.feinwerkoptik-zuend.ch\/en\/submit-for-fwoz-newsletter\/\" title=\"Subscribe For FWOZ Newsletter\">\n\t\t\t\t<img loading=\"lazy\" decoding=\"async\" width=\"977\" height=\"1024\" src=\"https:\/\/www.feinwerkoptik-zuend.ch\/wp-content\/uploads\/2022\/09\/Spirale2-977x1024.bmp\" class=\"attachment-large size-large wp-image-1343\" alt=\"\" srcset=\"https:\/\/www.feinwerkoptik-zuend.ch\/wp-content\/uploads\/2022\/09\/Spirale2-977x1024.bmp 977w, https:\/\/www.feinwerkoptik-zuend.ch\/wp-content\/uploads\/2022\/09\/Spirale2-286x300.bmp 286w, https:\/\/www.feinwerkoptik-zuend.ch\/wp-content\/uploads\/2022\/09\/Spirale2-768x805.bmp 768w, https:\/\/www.feinwerkoptik-zuend.ch\/wp-content\/uploads\/2022\/09\/Spirale2-11x12.bmp 11w, https:\/\/www.feinwerkoptik-zuend.ch\/wp-content\/uploads\/2022\/09\/Spirale2.bmp 1364w\" sizes=\"(max-width: 977px) 100vw, 977px\" \/>\t\t\t<\/a>\n\t\t<\/div>\n\t\t\n\t\t\t\t<div class=\"pp-post-content-wrap\">\n\t\t\t\t\t<div class=\"pp-post-content\">\n\t\t\t\t\t\t\t\t\t\t<div class=\"pp-post-terms-wrap\">\n\t\t\t<span class=\"pp-post-terms\">\n\t\t\t\t<span class=\"pp-post-term\"><a href=\"https:\/\/www.feinwerkoptik-zuend.ch\/en\/category\/allgemein\/\">General<\/a><\/span>\t\t\t<\/span>\n\t\t<\/div>\n\t\t\t\t\t\t\t\t\t\t<h2 class=\"pp-post-title\">\n\t\t\t\t<a href=\"https:\/\/www.feinwerkoptik-zuend.ch\/en\/submit-for-fwoz-newsletter\/\">Subscribe For FWOZ Newsletter<\/a>\t\t\t<\/h2>\n\t\t\t\t\t\t\t<div class=\"pp-post-excerpt\">\n\t\t\t<script>(function() {\n\twindow.mc4wp = window.mc4wp || {\n\t\tlisteners: [],\n\t\tforms: {\n\t\t\ton: function(evt, cb) {\n\t\t\t\twindow.mc4wp.listeners.push(\n\t\t\t\t\t{\n\t\t\t\t\t\tevent   : evt,\n\t\t\t\t\t\tcallback: cb\n\t\t\t\t\t}\n\t\t\t\t);\n\t\t\t}\n\t\t}\n\t}\n})();\n<\/script><!-- Mailchimp for WordPress v4.10.1 - https:\/\/wordpress.org\/plugins\/mailchimp-for-wp\/ --><form id=\"mc4wp-form-1\" class=\"mc4wp-form mc4wp-form-1307\" method=\"post\" data-id=\"1307\" data-name=\"FWOZ Newsletter\" action=\"\" ><div class=\"mc4wp-form-fields\"><p>\r\n    <label>First Name<\/label>\r\n    <input type=\"text\" name=\"FNAME\" required=\"\">\r\n<\/p>\r\n<p>\r\n    <label>Last Name<\/label>\r\n    <input type=\"text\" name=\"LNAME\" required=\"\">\r\n<\/p>\r\n<p>\r\n    <label>Organisation<\/label>\r\n    <input type=\"text\" name=\"MMERGE9\" required=\"\">\r\n<\/p>\r\n<p>\r\n\t<label>E-Mail-Adresse: \r\n\t\t<input type=\"email\" name=\"EMAIL\" placeholder=\"\" required \/>\r\n<\/label>\r\n<\/p>\r\n\r\n<p>\r\n\t<input type=\"submit\" value=\"Subscribe\" \/>\r\n<\/p><\/div><label style=\"display: none !important;\">Leave this field empty if you're human: <input type=\"text\" name=\"_mc4wp_honeypot\" value=\"\" tabindex=\"-1\" autocomplete=\"off\" \/><\/label><input type=\"hidden\" name=\"_mc4wp_timestamp\" value=\"1778893246\" \/><input type=\"hidden\" name=\"_mc4wp_form_id\" value=\"1307\" \/><input type=\"hidden\" name=\"_mc4wp_form_element_id\" value=\"mc4wp-form-1\" \/><div class=\"mc4wp-response\"><\/div><input type=\"hidden\" name=\"trp-form-language\" value=\"en\"\/><\/form><!-- \/ Mailchimp for WordPress Plugin -->\t\t<\/div>\n\t\t\t\t\t\t\t\t\t<\/div>\n\t\t\t\t\t\t\t\t\t<\/div>\n\n\t\t\t\t\t\t\t<\/div>\n\t\t\t\t\t<\/div>\n\t\t\t\t<div class=\"pp-post-wrap pp-grid-item-wrap elementor-grid-item post-1214 post type-post status-publish format-standard has-post-thumbnail hentry category-aktuelles\">\n\t\t\t\t\t\t<div class=\"pp-post pp-grid-item\">\n\t\t\t\t\t\t<div class=\"pp-post-thumbnail\">\n\t\t\t<a class=\"pp-post-thumbnail-wrap\" href=\"https:\/\/www.feinwerkoptik-zuend.ch\/en\/fallstudie-der-kronleuchter\/\" title=\"Fallstudie: &#8222;Der Kronleuchter&#8220;\">\n\t\t\t\t<img loading=\"lazy\" decoding=\"async\" width=\"1024\" height=\"576\" src=\"https:\/\/www.feinwerkoptik-zuend.ch\/wp-content\/uploads\/2022\/06\/Illumination-in-Ophthalmology-The-Chandelier-1024x576.jpg\" class=\"attachment-large size-large wp-image-1216\" alt=\"\" srcset=\"https:\/\/www.feinwerkoptik-zuend.ch\/wp-content\/uploads\/2022\/06\/Illumination-in-Ophthalmology-The-Chandelier-1024x576.jpg 1024w, https:\/\/www.feinwerkoptik-zuend.ch\/wp-content\/uploads\/2022\/06\/Illumination-in-Ophthalmology-The-Chandelier-300x169.jpg 300w, https:\/\/www.feinwerkoptik-zuend.ch\/wp-content\/uploads\/2022\/06\/Illumination-in-Ophthalmology-The-Chandelier-768x432.jpg 768w, https:\/\/www.feinwerkoptik-zuend.ch\/wp-content\/uploads\/2022\/06\/Illumination-in-Ophthalmology-The-Chandelier-1536x864.jpg 1536w, https:\/\/www.feinwerkoptik-zuend.ch\/wp-content\/uploads\/2022\/06\/Illumination-in-Ophthalmology-The-Chandelier-18x10.jpg 18w, https:\/\/www.feinwerkoptik-zuend.ch\/wp-content\/uploads\/2022\/06\/Illumination-in-Ophthalmology-The-Chandelier.jpg 1920w\" sizes=\"(max-width: 1024px) 100vw, 1024px\" \/>\t\t\t<\/a>\n\t\t<\/div>\n\t\t\n\t\t\t\t<div class=\"pp-post-content-wrap\">\n\t\t\t\t\t<div class=\"pp-post-content\">\n\t\t\t\t\t\t\t\t\t\t<div class=\"pp-post-terms-wrap\">\n\t\t\t<span class=\"pp-post-terms\">\n\t\t\t\t<span class=\"pp-post-term\"><a href=\"https:\/\/www.feinwerkoptik-zuend.ch\/en\/category\/aktuelles\/\">News<\/a><\/span>\t\t\t<\/span>\n\t\t<\/div>\n\t\t\t\t\t\t\t\t\t\t<h2 class=\"pp-post-title\">\n\t\t\t\t<a href=\"https:\/\/www.feinwerkoptik-zuend.ch\/en\/fallstudie-der-kronleuchter\/\">Case study: \"The Chandelier\"<\/a>\t\t\t<\/h2>\n\t\t\t\t\t\t\t<div class=\"pp-post-excerpt\">\n\t\t\t\"Der Kronleuchter\" wird oft w\u00e4hrend der Behandlung des hinteren Augenabschnitts eingesetzt, um die Netzhaut oder den Glask\u00f6rper perfekt zu beleuchten. Die Fallstudie k\u00f6nnen Sie \u00fcber den Button unten herunterladen. Zur...\t\t<\/div>\n\t\t\t\t\t\t\t\t\t<\/div>\n\t\t\t\t\t\t\t\t\t<\/div>\n\n\t\t\t\t\t\t\t<\/div>\n\t\t\t\t\t<\/div>\n\t\t\t\t\t\t\t\t\t<\/div>\n\t\t\t\n\t\t\t\n\t\t\t\n\t\t\t\n\t\t\t\t\t\t\t\t\t\t\t\t<\/div>\n\n\t\t\n\t\t\t\t\t\t<\/div>\n\t\t\t\t<\/div>\n\t\t\t\t\t<\/div>\n\t\t<\/div>\n\t\t\t\t\t<\/div>\n\t\t<\/section>\n\t\t\t\t<\/div>","protected":false},"excerpt":{"rendered":"<p>Hier erfahren Sie alles rund um unser qualifiziertes Team, unsere spannenden und vielseitigen Projekte und Sie finden Neuigkeiten rund um die Optikbranche! Allgemein \u00dcber unsere Kunden und Partner Unsere Optik-Komponenten sind sehr spezifische, individualisierte Einzelteile, die immer Bestandteil eines gr\u00f6sseren Produktes sind. Klassischerweise entwickeln und produzieren wir eine Linse f\u00fcr ein Endoskop, welche dann in &#8230; <a title=\"Fallstudie: &#8222;Der Kronleuchter&#8220;\" class=\"read-more\" href=\"https:\/\/www.feinwerkoptik-zuend.ch\/en\/fallstudie-der-kronleuchter\/\" aria-label=\"More on Fallstudie: &#8222;Der Kronleuchter&#8220;\">Read more<\/a><\/p>","protected":false},"author":1,"featured_media":0,"parent":0,"menu_order":0,"comment_status":"closed","ping_status":"closed","template":"","meta":{"footnotes":""},"class_list":["post-21","page","type-page","status-publish","hentry"],"_links":{"self":[{"href":"https:\/\/www.feinwerkoptik-zuend.ch\/en\/wp-json\/wp\/v2\/pages\/21","targetHints":{"allow":["GET"]}}],"collection":[{"href":"https:\/\/www.feinwerkoptik-zuend.ch\/en\/wp-json\/wp\/v2\/pages"}],"about":[{"href":"https:\/\/www.feinwerkoptik-zuend.ch\/en\/wp-json\/wp\/v2\/types\/page"}],"author":[{"embeddable":true,"href":"https:\/\/www.feinwerkoptik-zuend.ch\/en\/wp-json\/wp\/v2\/users\/1"}],"replies":[{"embeddable":true,"href":"https:\/\/www.feinwerkoptik-zuend.ch\/en\/wp-json\/wp\/v2\/comments?post=21"}],"version-history":[{"count":40,"href":"https:\/\/www.feinwerkoptik-zuend.ch\/en\/wp-json\/wp\/v2\/pages\/21\/revisions"}],"predecessor-version":[{"id":3018,"href":"https:\/\/www.feinwerkoptik-zuend.ch\/en\/wp-json\/wp\/v2\/pages\/21\/revisions\/3018"}],"wp:attachment":[{"href":"https:\/\/www.feinwerkoptik-zuend.ch\/en\/wp-json\/wp\/v2\/media?parent=21"}],"curies":[{"name":"wp","href":"https:\/\/api.w.org\/{rel}","templated":true}]}}