{"id":27,"date":"2021-12-11T22:54:57","date_gmt":"2021-12-11T21:54:57","guid":{"rendered":"https:\/\/www.feinwerkoptik-zuend.ch\/?page_id=27"},"modified":"2023-06-06T15:05:13","modified_gmt":"2023-06-06T13:05:13","slug":"medizin","status":"publish","type":"page","link":"https:\/\/www.feinwerkoptik-zuend.ch\/en\/medizin\/","title":{"rendered":"Medicine"},"content":{"rendered":"<div data-elementor-type=\"wp-page\" data-elementor-id=\"27\" class=\"elementor elementor-27\" data-elementor-post-type=\"page\">\n\t\t\t\t\t\t<section class=\"elementor-section elementor-top-section elementor-element elementor-element-2a3d68c elementor-section-full_width elementor-section-height-min-height elementor-section-height-default elementor-section-items-middle\" data-id=\"2a3d68c\" data-element_type=\"section\" data-e-type=\"section\" data-settings=\"{&quot;background_background&quot;:&quot;classic&quot;}\">\n\t\t\t\t\t\t<div class=\"elementor-container elementor-column-gap-no\">\n\t\t\t\t\t<div class=\"elementor-column elementor-col-100 elementor-top-column elementor-element elementor-element-b94123e\" data-id=\"b94123e\" data-element_type=\"column\" data-e-type=\"column\">\n\t\t\t<div class=\"elementor-widget-wrap elementor-element-populated\">\n\t\t\t\t\t\t<section class=\"elementor-section elementor-inner-section elementor-element elementor-element-7a0d1d3 elementor-section-height-min-height elementor-section-boxed elementor-section-height-default\" data-id=\"7a0d1d3\" data-element_type=\"section\" data-e-type=\"section\">\n\t\t\t\t\t\t<div class=\"elementor-container elementor-column-gap-default\">\n\t\t\t\t\t<div data-pp-wrapper-link=\"{&quot;url&quot;:&quot;#&quot;,&quot;is_external&quot;:&quot;&quot;,&quot;nofollow&quot;:&quot;&quot;}\" class=\"pp-wrapper-link elementor-column elementor-col-100 elementor-inner-column elementor-element elementor-element-ca4f03d\" data-id=\"ca4f03d\" data-element_type=\"column\" data-e-type=\"column\">\n\t\t\t<div class=\"elementor-widget-wrap elementor-element-populated\">\n\t\t\t\t\t\t<div class=\"elementor-element elementor-element-2200d2c elementor-widget elementor-widget-heading\" data-id=\"2200d2c\" data-element_type=\"widget\" data-e-type=\"widget\" data-widget_type=\"heading.default\">\n\t\t\t\t<div class=\"elementor-widget-container\">\n\t\t\t\t\t<h1 class=\"elementor-heading-title elementor-size-default\">Medical Solution<\/h1>\t\t\t\t<\/div>\n\t\t\t\t<\/div>\n\t\t\t\t\t<\/div>\n\t\t<\/div>\n\t\t\t\t\t<\/div>\n\t\t<\/section>\n\t\t\t\t\t<\/div>\n\t\t<\/div>\n\t\t\t\t\t<\/div>\n\t\t<\/section>\n\t\t\t\t<section class=\"elementor-section elementor-top-section elementor-element elementor-element-70344eb elementor-reverse-mobile elementor-section-boxed elementor-section-height-default elementor-section-height-default\" data-id=\"70344eb\" data-element_type=\"section\" data-e-type=\"section\">\n\t\t\t\t\t\t<div class=\"elementor-container elementor-column-gap-default\">\n\t\t\t\t\t<div class=\"elementor-column elementor-col-50 elementor-top-column elementor-element elementor-element-382298e\" data-id=\"382298e\" data-element_type=\"column\" data-e-type=\"column\">\n\t\t\t<div class=\"elementor-widget-wrap elementor-element-populated\">\n\t\t\t\t\t\t<div class=\"elementor-element elementor-element-aa38c82 elementor-widget elementor-widget-heading\" data-id=\"aa38c82\" data-element_type=\"widget\" data-e-type=\"widget\" data-widget_type=\"heading.default\">\n\t\t\t\t<div class=\"elementor-widget-container\">\n\t\t\t\t\t<h2 class=\"elementor-heading-title elementor-size-default\">MEDICINE OF THE FUTURE CALLS FOR INNOVATIVE SOLUTIONS\n<\/h2>\t\t\t\t<\/div>\n\t\t\t\t<\/div>\n\t\t\t\t<div class=\"elementor-element elementor-element-65d1cde elementor-widget elementor-widget-text-editor\" data-id=\"65d1cde\" data-element_type=\"widget\" data-e-type=\"widget\" data-widget_type=\"text-editor.default\">\n\t\t\t\t<div class=\"elementor-widget-container\">\n\t\t\t\t\t\t\t\t\t<p>We are recognized all across Europe as a specialist in the manufacture and development of flat optics and round optics as well as in combining them into subassemblies with ultra-small dimensions. Tailor-made, customized solutions for all customer requirements are our strength.<\/p>\t\t\t\t\t\t\t\t<\/div>\n\t\t\t\t<\/div>\n\t\t\t\t\t<\/div>\n\t\t<\/div>\n\t\t\t\t<div class=\"elementor-column elementor-col-50 elementor-top-column elementor-element elementor-element-46c5d3a\" data-id=\"46c5d3a\" data-element_type=\"column\" data-e-type=\"column\">\n\t\t\t<div class=\"elementor-widget-wrap elementor-element-populated\">\n\t\t\t\t\t\t<div class=\"elementor-element elementor-element-26392a3 elementor-widget elementor-widget-image\" data-id=\"26392a3\" data-element_type=\"widget\" data-e-type=\"widget\" data-widget_type=\"image.default\">\n\t\t\t\t<div class=\"elementor-widget-container\">\n\t\t\t\t\t\t\t\t\t\t\t\t\t\t\t<img fetchpriority=\"high\" decoding=\"async\" width=\"555\" height=\"400\" src=\"https:\/\/www.feinwerkoptik-zuend.ch\/wp-content\/uploads\/2021\/12\/cont-medizin-1.jpg\" class=\"attachment-medium_large size-medium_large wp-image-540\" alt=\"\" srcset=\"https:\/\/www.feinwerkoptik-zuend.ch\/wp-content\/uploads\/2021\/12\/cont-medizin-1.jpg 555w, https:\/\/www.feinwerkoptik-zuend.ch\/wp-content\/uploads\/2021\/12\/cont-medizin-1-300x216.jpg 300w, https:\/\/www.feinwerkoptik-zuend.ch\/wp-content\/uploads\/2021\/12\/cont-medizin-1-18x12.jpg 18w\" sizes=\"(max-width: 555px) 100vw, 555px\" \/>\t\t\t\t\t\t\t\t\t\t\t\t\t\t\t<\/div>\n\t\t\t\t<\/div>\n\t\t\t\t\t<\/div>\n\t\t<\/div>\n\t\t\t\t\t<\/div>\n\t\t<\/section>\n\t\t\t\t<section class=\"elementor-section elementor-top-section elementor-element elementor-element-2b14777 elementor-section-boxed elementor-section-height-default elementor-section-height-default\" data-id=\"2b14777\" data-element_type=\"section\" data-e-type=\"section\">\n\t\t\t\t\t\t<div class=\"elementor-container elementor-column-gap-default\">\n\t\t\t\t\t<div class=\"elementor-column elementor-col-50 elementor-top-column elementor-element elementor-element-556c63d\" data-id=\"556c63d\" data-element_type=\"column\" data-e-type=\"column\">\n\t\t\t<div class=\"elementor-widget-wrap elementor-element-populated\">\n\t\t\t\t\t\t<div class=\"elementor-element elementor-element-c078680 elementor-widget elementor-widget-image\" data-id=\"c078680\" data-element_type=\"widget\" data-e-type=\"widget\" data-widget_type=\"image.default\">\n\t\t\t\t<div class=\"elementor-widget-container\">\n\t\t\t\t\t\t\t\t\t\t\t\t\t\t\t<img decoding=\"async\" width=\"555\" height=\"400\" src=\"https:\/\/www.feinwerkoptik-zuend.ch\/wp-content\/uploads\/2021\/12\/cont-medizin-2.jpg\" class=\"attachment-medium_large size-medium_large wp-image-541\" alt=\"\" srcset=\"https:\/\/www.feinwerkoptik-zuend.ch\/wp-content\/uploads\/2021\/12\/cont-medizin-2.jpg 555w, https:\/\/www.feinwerkoptik-zuend.ch\/wp-content\/uploads\/2021\/12\/cont-medizin-2-300x216.jpg 300w, https:\/\/www.feinwerkoptik-zuend.ch\/wp-content\/uploads\/2021\/12\/cont-medizin-2-18x12.jpg 18w\" sizes=\"(max-width: 555px) 100vw, 555px\" \/>\t\t\t\t\t\t\t\t\t\t\t\t\t\t\t<\/div>\n\t\t\t\t<\/div>\n\t\t\t\t\t<\/div>\n\t\t<\/div>\n\t\t\t\t<div class=\"elementor-column elementor-col-50 elementor-top-column elementor-element elementor-element-8e2f15d\" data-id=\"8e2f15d\" data-element_type=\"column\" data-e-type=\"column\">\n\t\t\t<div class=\"elementor-widget-wrap elementor-element-populated\">\n\t\t\t\t\t\t<div class=\"elementor-element elementor-element-2efc171 elementor-widget elementor-widget-heading\" data-id=\"2efc171\" data-element_type=\"widget\" data-e-type=\"widget\" data-widget_type=\"heading.default\">\n\t\t\t\t<div class=\"elementor-widget-container\">\n\t\t\t\t\t<h2 class=\"elementor-heading-title elementor-size-default\">THE RESULT OF EXPERIENCE AND PURE PASSION<\/h2>\t\t\t\t<\/div>\n\t\t\t\t<\/div>\n\t\t\t\t<div class=\"elementor-element elementor-element-91c9606 elementor-widget elementor-widget-text-editor\" data-id=\"91c9606\" data-element_type=\"widget\" data-e-type=\"widget\" data-widget_type=\"text-editor.default\">\n\t\t\t\t<div class=\"elementor-widget-container\">\n\t\t\t\t\t\t\t\t\tParticularly in medicine, conscientious precision work and Swiss quality are in high demand. For more than 20 years we have developed and manufactured optical systems and components for medical technology, with each of our successes inspiring us all over again. Miniaturized systems that are both innovative and creative give medical technology access to new worlds! Together with us, you too can experience the gigantic future to be found in miniaturized dimensions.\t\t\t\t\t\t\t\t<\/div>\n\t\t\t\t<\/div>\n\t\t\t\t\t<\/div>\n\t\t<\/div>\n\t\t\t\t\t<\/div>\n\t\t<\/section>\n\t\t\t\t<section class=\"elementor-section elementor-top-section elementor-element elementor-element-6431fcaf elementor-section-boxed elementor-section-height-default elementor-section-height-default\" data-id=\"6431fcaf\" data-element_type=\"section\" data-e-type=\"section\">\n\t\t\t\t\t\t<div class=\"elementor-container elementor-column-gap-default\">\n\t\t\t\t\t<div class=\"elementor-column elementor-col-100 elementor-top-column elementor-element elementor-element-32eef9be\" data-id=\"32eef9be\" data-element_type=\"column\" data-e-type=\"column\">\n\t\t\t<div class=\"elementor-widget-wrap elementor-element-populated\">\n\t\t\t\t\t\t<div class=\"elementor-element elementor-element-44404f71 elementor-widget elementor-widget-heading\" data-id=\"44404f71\" data-element_type=\"widget\" data-e-type=\"widget\" data-widget_type=\"heading.default\">\n\t\t\t\t<div class=\"elementor-widget-container\">\n\t\t\t\t\t<h2 class=\"elementor-heading-title elementor-size-default\">Some references<\/h2>\t\t\t\t<\/div>\n\t\t\t\t<\/div>\n\t\t\t\t\t<\/div>\n\t\t<\/div>\n\t\t\t\t\t<\/div>\n\t\t<\/section>\n\t\t\t\t<section class=\"elementor-section elementor-top-section elementor-element elementor-element-4119930 elementor-section-boxed elementor-section-height-default elementor-section-height-default\" data-id=\"4119930\" data-element_type=\"section\" data-e-type=\"section\">\n\t\t\t\t\t\t<div class=\"elementor-container elementor-column-gap-default\">\n\t\t\t\t\t<div class=\"elementor-column elementor-col-33 elementor-top-column elementor-element elementor-element-ffb723e\" data-id=\"ffb723e\" data-element_type=\"column\" data-e-type=\"column\">\n\t\t\t<div class=\"elementor-widget-wrap elementor-element-populated\">\n\t\t\t\t\t\t<div class=\"elementor-element elementor-element-fc1e194 open-download-form elementor-position-top elementor-widget elementor-widget-image-box\" data-id=\"fc1e194\" data-element_type=\"widget\" data-e-type=\"widget\" data-widget_type=\"image-box.default\">\n\t\t\t\t<div class=\"elementor-widget-container\">\n\t\t\t\t\t<div class=\"elementor-image-box-wrapper\"><figure class=\"elementor-image-box-img\"><a href=\"\/wp-content\/uploads\/2022\/01\/CaseStudy_OphthalmoEndoskop_171114_englisch.pdf\" target=\"_blank\" tabindex=\"-1\"><img decoding=\"async\" src=\"https:\/\/www.feinwerkoptik-zuend.ch\/wp-content\/uploads\/elementor\/thumbs\/zuend5-pj7pgodwofsdwpstngm7aj3lcdesob2p16sqldb5jk.jpeg\" title=\"zuend5\" alt=\"zuend5\" loading=\"lazy\" \/><\/a><\/figure><div class=\"elementor-image-box-content\"><h4 class=\"elementor-image-box-title\"><a href=\"\/wp-content\/uploads\/2022\/01\/CaseStudy_OphthalmoEndoskop_171114_englisch.pdf\" target=\"_blank\">SMALLEST OPHTHALMIC ENDOSCOPE<\/a><\/h4><p class=\"elementor-image-box-description\">Development and Production of an optical system for ophthalmic endoscope.\n\n<\/p><\/div><\/div>\t\t\t\t<\/div>\n\t\t\t\t<\/div>\n\t\t\t\t<div class=\"elementor-element elementor-element-247f70d open-download-form elementor-widget elementor-widget-button\" data-id=\"247f70d\" data-element_type=\"widget\" data-e-type=\"widget\" data-widget_type=\"button.default\">\n\t\t\t\t<div class=\"elementor-widget-container\">\n\t\t\t\t\t\t\t\t\t<div class=\"elementor-button-wrapper\">\n\t\t\t\t\t<a class=\"elementor-button elementor-button-link elementor-size-sm\" href=\"\/wp-content\/uploads\/2022\/01\/CaseStudy_OphthalmoEndoskop_171114_englisch.pdf\" target=\"_blank\">\n\t\t\t\t\t\t<span class=\"elementor-button-content-wrapper\">\n\t\t\t\t\t\t\t\t\t<span class=\"elementor-button-text\">Case Study<\/span>\n\t\t\t\t\t<\/span>\n\t\t\t\t\t<\/a>\n\t\t\t\t<\/div>\n\t\t\t\t\t\t\t\t<\/div>\n\t\t\t\t<\/div>\n\t\t\t\t\t<\/div>\n\t\t<\/div>\n\t\t\t\t<div class=\"elementor-column elementor-col-33 elementor-top-column elementor-element elementor-element-052bb98\" data-id=\"052bb98\" data-element_type=\"column\" data-e-type=\"column\">\n\t\t\t<div class=\"elementor-widget-wrap elementor-element-populated\">\n\t\t\t\t\t\t<div class=\"elementor-element elementor-element-683c1bf open-download-form elementor-position-top elementor-widget elementor-widget-image-box\" data-id=\"683c1bf\" data-element_type=\"widget\" data-e-type=\"widget\" data-widget_type=\"image-box.default\">\n\t\t\t\t<div class=\"elementor-widget-container\">\n\t\t\t\t\t<div class=\"elementor-image-box-wrapper\"><figure class=\"elementor-image-box-img\"><a href=\"\/wp-content\/uploads\/2022\/01\/CaseStudy_Miniaturized-camera_EN.pdf\" target=\"_blank\" tabindex=\"-1\"><img decoding=\"async\" src=\"https:\/\/www.feinwerkoptik-zuend.ch\/wp-content\/uploads\/elementor\/thumbs\/zuend6-pj7pgodwofsdwpstngm7aj3lcdesob2p16sqldb5jk.jpeg\" title=\"zuend6\" alt=\"zuend6\" loading=\"lazy\" \/><\/a><\/figure><div class=\"elementor-image-box-content\"><h4 class=\"elementor-image-box-title\"><a href=\"\/wp-content\/uploads\/2022\/01\/CaseStudy_Miniaturized-camera_EN.pdf\" target=\"_blank\">MINIATURIZED CAMERA<\/a><\/h4><p class=\"elementor-image-box-description\">Development and production of a miniaturized camera with maximum resolution and flexibility. <\/p><\/div><\/div>\t\t\t\t<\/div>\n\t\t\t\t<\/div>\n\t\t\t\t<div class=\"elementor-element elementor-element-e6a1bf1 open-download-form elementor-widget elementor-widget-button\" data-id=\"e6a1bf1\" data-element_type=\"widget\" data-e-type=\"widget\" data-widget_type=\"button.default\">\n\t\t\t\t<div class=\"elementor-widget-container\">\n\t\t\t\t\t\t\t\t\t<div class=\"elementor-button-wrapper\">\n\t\t\t\t\t<a class=\"elementor-button elementor-button-link elementor-size-sm\" href=\"https:\/\/www.feinwerkoptik-zuend.ch\/wp-content\/uploads\/2022\/01\/CaseStudy_Miniaturized-camera_EN.pdf\" target=\"_blank\">\n\t\t\t\t\t\t<span class=\"elementor-button-content-wrapper\">\n\t\t\t\t\t\t\t\t\t<span class=\"elementor-button-text\">Case Study<\/span>\n\t\t\t\t\t<\/span>\n\t\t\t\t\t<\/a>\n\t\t\t\t<\/div>\n\t\t\t\t\t\t\t\t<\/div>\n\t\t\t\t<\/div>\n\t\t\t\t<div class=\"elementor-element elementor-element-ea8c5d9 open-download-form elementor-widget elementor-widget-button\" data-id=\"ea8c5d9\" data-element_type=\"widget\" data-e-type=\"widget\" data-widget_type=\"button.default\">\n\t\t\t\t<div class=\"elementor-widget-container\">\n\t\t\t\t\t\t\t\t\t<div class=\"elementor-button-wrapper\">\n\t\t\t\t\t<a class=\"elementor-button elementor-button-link elementor-size-sm\" href=\"\/wp-content\/uploads\/2022\/01\/FWOZ-camera-FOV85\u00b0-F3.8.pdf\" target=\"_blank\">\n\t\t\t\t\t\t<span class=\"elementor-button-content-wrapper\">\n\t\t\t\t\t\t\t\t\t<span class=\"elementor-button-text\">Data sheet camera<\/span>\n\t\t\t\t\t<\/span>\n\t\t\t\t\t<\/a>\n\t\t\t\t<\/div>\n\t\t\t\t\t\t\t\t<\/div>\n\t\t\t\t<\/div>\n\t\t\t\t\t<\/div>\n\t\t<\/div>\n\t\t\t\t<div class=\"elementor-column elementor-col-33 elementor-top-column elementor-element elementor-element-8b167aa\" data-id=\"8b167aa\" data-element_type=\"column\" data-e-type=\"column\">\n\t\t\t<div class=\"elementor-widget-wrap elementor-element-populated\">\n\t\t\t\t\t\t<div class=\"elementor-element elementor-element-b6c6595 open-download-form elementor-position-top elementor-widget elementor-widget-image-box\" data-id=\"b6c6595\" data-element_type=\"widget\" data-e-type=\"widget\" data-widget_type=\"image-box.default\">\n\t\t\t\t<div class=\"elementor-widget-container\">\n\t\t\t\t\t<div class=\"elementor-image-box-wrapper\"><figure class=\"elementor-image-box-img\"><a href=\"https:\/\/www.feinwerkoptik-zuend.ch\/wp-content\/uploads\/2023\/05\/Illumination-in-Ophthalmology-The-Chandelier_02.pdf\" target=\"_blank\" tabindex=\"-1\"><img decoding=\"async\" src=\"https:\/\/www.feinwerkoptik-zuend.ch\/wp-content\/uploads\/elementor\/thumbs\/chandelier360x200-1-q72x58fh78v2xa0gwhrmrg6w5hqrenwbb82p8jmk0g.png\" title=\"chandelier360x200\" alt=\"chandelier360x200\" loading=\"lazy\" \/><\/a><\/figure><div class=\"elementor-image-box-content\"><h4 class=\"elementor-image-box-title\"><a href=\"https:\/\/www.feinwerkoptik-zuend.ch\/wp-content\/uploads\/2023\/05\/Illumination-in-Ophthalmology-The-Chandelier_02.pdf\" target=\"_blank\">ILLUMINATION FOR OPHTHALMOLOGY<\/a><\/h4><p class=\"elementor-image-box-description\">Development of illumination for retina surgery.<\/p><\/div><\/div>\t\t\t\t<\/div>\n\t\t\t\t<\/div>\n\t\t\t\t<div class=\"elementor-element elementor-element-9fa60d1 open-download-form elementor-widget elementor-widget-button\" data-id=\"9fa60d1\" data-element_type=\"widget\" data-e-type=\"widget\" data-widget_type=\"button.default\">\n\t\t\t\t<div class=\"elementor-widget-container\">\n\t\t\t\t\t\t\t\t\t<div class=\"elementor-button-wrapper\">\n\t\t\t\t\t<a class=\"elementor-button elementor-button-link elementor-size-sm\" href=\"https:\/\/www.feinwerkoptik-zuend.ch\/wp-content\/uploads\/2022\/06\/Illumination-in-Ophthalmology-The-Chandelier_02.pdf\" target=\"_blank\">\n\t\t\t\t\t\t<span class=\"elementor-button-content-wrapper\">\n\t\t\t\t\t\t\t\t\t<span class=\"elementor-button-text\">Case Study<\/span>\n\t\t\t\t\t<\/span>\n\t\t\t\t\t<\/a>\n\t\t\t\t<\/div>\n\t\t\t\t\t\t\t\t<\/div>\n\t\t\t\t<\/div>\n\t\t\t\t\t<\/div>\n\t\t<\/div>\n\t\t\t\t\t<\/div>\n\t\t<\/section>\n\t\t\t\t<section class=\"elementor-section elementor-top-section elementor-element elementor-element-8def735 elementor-section-boxed elementor-section-height-default elementor-section-height-default\" data-id=\"8def735\" data-element_type=\"section\" data-e-type=\"section\">\n\t\t\t\t\t\t<div class=\"elementor-container elementor-column-gap-default\">\n\t\t\t\t\t<div class=\"elementor-column elementor-col-100 elementor-top-column elementor-element elementor-element-647a467\" data-id=\"647a467\" data-element_type=\"column\" data-e-type=\"column\">\n\t\t\t<div class=\"elementor-widget-wrap\">\n\t\t\t\t\t\t\t<\/div>\n\t\t<\/div>\n\t\t\t\t\t<\/div>\n\t\t<\/section>\n\t\t\t\t<\/div>","protected":false},"excerpt":{"rendered":"<p>Medical Solution DIE MEDIZIN DER ZUKUNFT VERLANGT NACH INNOVATIVEN L\u00d6SUNGEN Wir sind ein europaweit anerkannter Spezialist f\u00fcr die Herstellung und Entwicklung von Planoptik und Rundoptik und deren Kombination zu Baugruppen mit kleinsten Dimensionen. Massgeschneiderte, individuelle L\u00f6sungen f\u00fcr s\u00e4mtliche Kundenbed\u00fcrfnisse sind unsere St\u00e4rke. DAS ERGEBNIS VON ERFAHRUNG UND PURER LEIDENSCHAFT Gerade in der Medizin sind gewissenhafte &#8230; <a title=\"Medicine\" class=\"read-more\" href=\"https:\/\/www.feinwerkoptik-zuend.ch\/en\/medizin\/\" aria-label=\"More on Medizin\">Read more<\/a><\/p>","protected":false},"author":1,"featured_media":0,"parent":0,"menu_order":0,"comment_status":"closed","ping_status":"closed","template":"","meta":{"footnotes":""},"class_list":["post-27","page","type-page","status-publish"],"_links":{"self":[{"href":"https:\/\/www.feinwerkoptik-zuend.ch\/en\/wp-json\/wp\/v2\/pages\/27","targetHints":{"allow":["GET"]}}],"collection":[{"href":"https:\/\/www.feinwerkoptik-zuend.ch\/en\/wp-json\/wp\/v2\/pages"}],"about":[{"href":"https:\/\/www.feinwerkoptik-zuend.ch\/en\/wp-json\/wp\/v2\/types\/page"}],"author":[{"embeddable":true,"href":"https:\/\/www.feinwerkoptik-zuend.ch\/en\/wp-json\/wp\/v2\/users\/1"}],"replies":[{"embeddable":true,"href":"https:\/\/www.feinwerkoptik-zuend.ch\/en\/wp-json\/wp\/v2\/comments?post=27"}],"version-history":[{"count":92,"href":"https:\/\/www.feinwerkoptik-zuend.ch\/en\/wp-json\/wp\/v2\/pages\/27\/revisions"}],"predecessor-version":[{"id":1520,"href":"https:\/\/www.feinwerkoptik-zuend.ch\/en\/wp-json\/wp\/v2\/pages\/27\/revisions\/1520"}],"wp:attachment":[{"href":"https:\/\/www.feinwerkoptik-zuend.ch\/en\/wp-json\/wp\/v2\/media?parent=27"}],"curies":[{"name":"wp","href":"https:\/\/api.w.org\/{rel}","templated":true}]}}