{"id":29,"date":"2021-12-11T22:55:12","date_gmt":"2021-12-11T21:55:12","guid":{"rendered":"https:\/\/www.feinwerkoptik-zuend.ch\/?page_id=29"},"modified":"2022-01-14T13:00:11","modified_gmt":"2022-01-14T12:00:11","slug":"technik","status":"publish","type":"page","link":"https:\/\/www.feinwerkoptik-zuend.ch\/en\/technik\/","title":{"rendered":"Technical"},"content":{"rendered":"<div data-elementor-type=\"wp-page\" data-elementor-id=\"29\" class=\"elementor elementor-29\" data-elementor-post-type=\"page\">\n\t\t\t\t\t\t<section class=\"elementor-section elementor-top-section elementor-element elementor-element-3fafee11 elementor-section-full_width elementor-section-height-min-height elementor-section-height-default elementor-section-items-middle\" data-id=\"3fafee11\" data-element_type=\"section\" data-e-type=\"section\" data-settings=\"{&quot;background_background&quot;:&quot;classic&quot;}\">\n\t\t\t\t\t\t<div class=\"elementor-container elementor-column-gap-no\">\n\t\t\t\t\t<div class=\"elementor-column elementor-col-100 elementor-top-column elementor-element elementor-element-5b252283\" data-id=\"5b252283\" data-element_type=\"column\" data-e-type=\"column\">\n\t\t\t<div class=\"elementor-widget-wrap elementor-element-populated\">\n\t\t\t\t\t\t<section class=\"elementor-section elementor-inner-section elementor-element elementor-element-4c019aad elementor-section-height-min-height elementor-section-boxed elementor-section-height-default\" data-id=\"4c019aad\" data-element_type=\"section\" data-e-type=\"section\">\n\t\t\t\t\t\t<div class=\"elementor-container elementor-column-gap-default\">\n\t\t\t\t\t<div data-pp-wrapper-link=\"{&quot;url&quot;:&quot;#&quot;,&quot;is_external&quot;:&quot;&quot;,&quot;nofollow&quot;:&quot;&quot;}\" class=\"pp-wrapper-link elementor-column elementor-col-50 elementor-inner-column elementor-element elementor-element-7bf8b6d\" data-id=\"7bf8b6d\" data-element_type=\"column\" data-e-type=\"column\">\n\t\t\t<div class=\"elementor-widget-wrap elementor-element-populated\">\n\t\t\t\t\t\t<div class=\"elementor-element elementor-element-b12aea2 elementor-widget elementor-widget-heading\" data-id=\"b12aea2\" data-element_type=\"widget\" data-e-type=\"widget\" data-widget_type=\"heading.default\">\n\t\t\t\t<div class=\"elementor-widget-container\">\n\t\t\t\t\t<h1 class=\"elementor-heading-title elementor-size-default\">Technical Solutions<\/h1>\t\t\t\t<\/div>\n\t\t\t\t<\/div>\n\t\t\t\t\t<\/div>\n\t\t<\/div>\n\t\t\t\t<div class=\"elementor-column elementor-col-50 elementor-inner-column elementor-element elementor-element-207c715\" data-id=\"207c715\" data-element_type=\"column\" data-e-type=\"column\">\n\t\t\t<div class=\"elementor-widget-wrap\">\n\t\t\t\t\t\t\t<\/div>\n\t\t<\/div>\n\t\t\t\t\t<\/div>\n\t\t<\/section>\n\t\t\t\t\t<\/div>\n\t\t<\/div>\n\t\t\t\t\t<\/div>\n\t\t<\/section>\n\t\t\t\t<section class=\"elementor-section elementor-top-section elementor-element elementor-element-5874f608 elementor-reverse-mobile elementor-section-boxed elementor-section-height-default elementor-section-height-default\" data-id=\"5874f608\" data-element_type=\"section\" data-e-type=\"section\">\n\t\t\t\t\t\t<div class=\"elementor-container elementor-column-gap-default\">\n\t\t\t\t\t<div class=\"elementor-column elementor-col-50 elementor-top-column elementor-element elementor-element-49f367f9\" data-id=\"49f367f9\" data-element_type=\"column\" data-e-type=\"column\">\n\t\t\t<div class=\"elementor-widget-wrap elementor-element-populated\">\n\t\t\t\t\t\t<div class=\"elementor-element elementor-element-9a1b6fb elementor-widget elementor-widget-heading\" data-id=\"9a1b6fb\" data-element_type=\"widget\" data-e-type=\"widget\" data-widget_type=\"heading.default\">\n\t\t\t\t<div class=\"elementor-widget-container\">\n\t\t\t\t\t<h2 class=\"elementor-heading-title elementor-size-default\">THE NEW DIMENSION OF HIGH-RESOLUTION IMAGING SYSTEMS<\/h2>\t\t\t\t<\/div>\n\t\t\t\t<\/div>\n\t\t\t\t<div class=\"elementor-element elementor-element-69b4ba79 elementor-widget elementor-widget-text-editor\" data-id=\"69b4ba79\" data-element_type=\"widget\" data-e-type=\"widget\" data-widget_type=\"text-editor.default\">\n\t\t\t\t<div class=\"elementor-widget-container\">\n\t\t\t\t\t\t\t\t\t<p>Wir sind ein europaweit anerkannter Spezialist f\u00fcr die Herstellung und Entwicklung von Planoptik und Rundoptik und deren Kombination zu Baugruppen mit kleinsten Dimensionen. Massgeschneiderte, innovative L\u00f6sungen f\u00fcr s\u00e4mtliche Kundenbed\u00fcrfnisse sind unsere St\u00e4rke.<\/p>\t\t\t\t\t\t\t\t<\/div>\n\t\t\t\t<\/div>\n\t\t\t\t\t<\/div>\n\t\t<\/div>\n\t\t\t\t<div class=\"elementor-column elementor-col-50 elementor-top-column elementor-element elementor-element-374b1134\" data-id=\"374b1134\" data-element_type=\"column\" data-e-type=\"column\">\n\t\t\t<div class=\"elementor-widget-wrap elementor-element-populated\">\n\t\t\t\t\t\t<div class=\"elementor-element elementor-element-13b1f415 elementor-widget elementor-widget-image\" data-id=\"13b1f415\" data-element_type=\"widget\" data-e-type=\"widget\" data-widget_type=\"image.default\">\n\t\t\t\t<div class=\"elementor-widget-container\">\n\t\t\t\t\t\t\t\t\t\t\t\t\t\t\t<img fetchpriority=\"high\" decoding=\"async\" width=\"555\" height=\"400\" src=\"https:\/\/www.feinwerkoptik-zuend.ch\/wp-content\/uploads\/2021\/12\/technical-systeme.jpg\" class=\"attachment-medium_large size-medium_large wp-image-348\" alt=\"\" srcset=\"https:\/\/www.feinwerkoptik-zuend.ch\/wp-content\/uploads\/2021\/12\/technical-systeme.jpg 555w, https:\/\/www.feinwerkoptik-zuend.ch\/wp-content\/uploads\/2021\/12\/technical-systeme-300x216.jpg 300w\" sizes=\"(max-width: 555px) 100vw, 555px\" \/>\t\t\t\t\t\t\t\t\t\t\t\t\t\t\t<\/div>\n\t\t\t\t<\/div>\n\t\t\t\t\t<\/div>\n\t\t<\/div>\n\t\t\t\t\t<\/div>\n\t\t<\/section>\n\t\t\t\t<section class=\"elementor-section elementor-top-section elementor-element elementor-element-2015152d elementor-section-boxed elementor-section-height-default elementor-section-height-default\" data-id=\"2015152d\" data-element_type=\"section\" data-e-type=\"section\">\n\t\t\t\t\t\t<div class=\"elementor-container elementor-column-gap-default\">\n\t\t\t\t\t<div class=\"elementor-column elementor-col-50 elementor-top-column elementor-element elementor-element-2e1bef1d\" data-id=\"2e1bef1d\" data-element_type=\"column\" data-e-type=\"column\">\n\t\t\t<div class=\"elementor-widget-wrap elementor-element-populated\">\n\t\t\t\t\t\t<div class=\"elementor-element elementor-element-5c449e0 elementor-widget elementor-widget-image\" data-id=\"5c449e0\" data-element_type=\"widget\" data-e-type=\"widget\" data-widget_type=\"image.default\">\n\t\t\t\t<div class=\"elementor-widget-container\">\n\t\t\t\t\t\t\t\t\t\t\t\t\t\t\t<img decoding=\"async\" width=\"555\" height=\"400\" src=\"https:\/\/www.feinwerkoptik-zuend.ch\/wp-content\/uploads\/2021\/12\/technical-voraus.jpg\" class=\"attachment-medium_large size-medium_large wp-image-349\" alt=\"\" srcset=\"https:\/\/www.feinwerkoptik-zuend.ch\/wp-content\/uploads\/2021\/12\/technical-voraus.jpg 555w, https:\/\/www.feinwerkoptik-zuend.ch\/wp-content\/uploads\/2021\/12\/technical-voraus-300x216.jpg 300w\" sizes=\"(max-width: 555px) 100vw, 555px\" \/>\t\t\t\t\t\t\t\t\t\t\t\t\t\t\t<\/div>\n\t\t\t\t<\/div>\n\t\t\t\t\t<\/div>\n\t\t<\/div>\n\t\t\t\t<div class=\"elementor-column elementor-col-50 elementor-top-column elementor-element elementor-element-620eafac\" data-id=\"620eafac\" data-element_type=\"column\" data-e-type=\"column\">\n\t\t\t<div class=\"elementor-widget-wrap elementor-element-populated\">\n\t\t\t\t\t\t<div class=\"elementor-element elementor-element-576d791e elementor-widget elementor-widget-heading\" data-id=\"576d791e\" data-element_type=\"widget\" data-e-type=\"widget\" data-widget_type=\"heading.default\">\n\t\t\t\t<div class=\"elementor-widget-container\">\n\t\t\t\t\t<h2 class=\"elementor-heading-title elementor-size-default\">ALWAYS A STEP AHEAD FOR OUR CUSTOMERS<\/h2>\t\t\t\t<\/div>\n\t\t\t\t<\/div>\n\t\t\t\t<div class=\"elementor-element elementor-element-5c72a102 elementor-widget elementor-widget-text-editor\" data-id=\"5c72a102\" data-element_type=\"widget\" data-e-type=\"widget\" data-widget_type=\"text-editor.default\">\n\t\t\t\t<div class=\"elementor-widget-container\">\n\t\t\t\t\t\t\t\t\t<p>Technischer Fortschritt entsteht durch vorausschauendes Denken. Mit der Entwicklung unserer neuen miniaturisierten Systemen beschreiten wir einen v\u00f6llig neuen Weg optischer M\u00f6glichkeiten. Die enorme Robustheit, die auch Hitze, S\u00e4ure und \u00d6l standh\u00e4lt verbunden mit maximaler Leistung er\u00f6ffnen f\u00fcr die technische Industrie ungeahnte Chancen. Wir sind ISO 9001 zertifiziert und garantieren durch hohe Flexibilit\u00e4t Lieferungen just in time, die Ihre Produkte noch schneller auf den Markt bringen. Profitieren Sie von der kompromisslosen Pr\u00e4zision unserer Ingenieursk\u00fcnste und Produkte, die das Ergebnis schweizerischer Qualit\u00e4tsarbeit ist! Gemeinsam mit Ihnen entwickeln wir ein Modell, das f\u00fcr Ihre Anforderungen massgeschneidert ist.<\/p>\t\t\t\t\t\t\t\t<\/div>\n\t\t\t\t<\/div>\n\t\t\t\t\t<\/div>\n\t\t<\/div>\n\t\t\t\t\t<\/div>\n\t\t<\/section>\n\t\t\t\t<\/div>","protected":false},"excerpt":{"rendered":"<p>Technical Solutions DIE NEUE DIMENSION HOCHAUFL\u00d6SENDER ABBILDENDER SYSTEME Wir sind ein europaweit anerkannter Spezialist f\u00fcr die Herstellung und Entwicklung von Planoptik und Rundoptik und deren Kombination zu Baugruppen mit kleinsten Dimensionen. Massgeschneiderte, innovative L\u00f6sungen f\u00fcr s\u00e4mtliche Kundenbed\u00fcrfnisse sind unsere St\u00e4rke. F\u00dcR UNSERE KUNDEN IMMER EINEN SCHRITT VORAUS Technischer Fortschritt entsteht durch vorausschauendes Denken. Mit der &#8230; <a title=\"Technical\" class=\"read-more\" href=\"https:\/\/www.feinwerkoptik-zuend.ch\/en\/technik\/\" aria-label=\"More on Technik\">Read more<\/a><\/p>","protected":false},"author":1,"featured_media":0,"parent":0,"menu_order":0,"comment_status":"closed","ping_status":"closed","template":"","meta":{"footnotes":""},"class_list":["post-29","page","type-page","status-publish"],"_links":{"self":[{"href":"https:\/\/www.feinwerkoptik-zuend.ch\/en\/wp-json\/wp\/v2\/pages\/29","targetHints":{"allow":["GET"]}}],"collection":[{"href":"https:\/\/www.feinwerkoptik-zuend.ch\/en\/wp-json\/wp\/v2\/pages"}],"about":[{"href":"https:\/\/www.feinwerkoptik-zuend.ch\/en\/wp-json\/wp\/v2\/types\/page"}],"author":[{"embeddable":true,"href":"https:\/\/www.feinwerkoptik-zuend.ch\/en\/wp-json\/wp\/v2\/users\/1"}],"replies":[{"embeddable":true,"href":"https:\/\/www.feinwerkoptik-zuend.ch\/en\/wp-json\/wp\/v2\/comments?post=29"}],"version-history":[{"count":40,"href":"https:\/\/www.feinwerkoptik-zuend.ch\/en\/wp-json\/wp\/v2\/pages\/29\/revisions"}],"predecessor-version":[{"id":715,"href":"https:\/\/www.feinwerkoptik-zuend.ch\/en\/wp-json\/wp\/v2\/pages\/29\/revisions\/715"}],"wp:attachment":[{"href":"https:\/\/www.feinwerkoptik-zuend.ch\/en\/wp-json\/wp\/v2\/media?parent=29"}],"curies":[{"name":"wp","href":"https:\/\/api.w.org\/{rel}","templated":true}]}}