{"id":31,"date":"2021-12-11T22:55:23","date_gmt":"2021-12-11T21:55:23","guid":{"rendered":"https:\/\/www.feinwerkoptik-zuend.ch\/?page_id=31"},"modified":"2022-01-19T17:37:58","modified_gmt":"2022-01-19T16:37:58","slug":"weitere","status":"publish","type":"page","link":"https:\/\/www.feinwerkoptik-zuend.ch\/en\/weitere\/","title":{"rendered":"Other"},"content":{"rendered":"<div data-elementor-type=\"wp-page\" data-elementor-id=\"31\" class=\"elementor elementor-31\" data-elementor-post-type=\"page\">\n\t\t\t\t\t\t<section class=\"elementor-section elementor-top-section elementor-element elementor-element-702fb99a elementor-section-full_width elementor-section-height-min-height elementor-section-height-default elementor-section-items-middle\" data-id=\"702fb99a\" data-element_type=\"section\" data-e-type=\"section\" data-settings=\"{&quot;background_background&quot;:&quot;classic&quot;}\">\n\t\t\t\t\t\t<div class=\"elementor-container elementor-column-gap-no\">\n\t\t\t\t\t<div class=\"elementor-column elementor-col-100 elementor-top-column elementor-element elementor-element-137c1b66\" data-id=\"137c1b66\" data-element_type=\"column\" data-e-type=\"column\">\n\t\t\t<div class=\"elementor-widget-wrap elementor-element-populated\">\n\t\t\t\t\t\t<section class=\"elementor-section elementor-inner-section elementor-element elementor-element-822cbd5 elementor-section-height-min-height elementor-section-boxed elementor-section-height-default\" data-id=\"822cbd5\" data-element_type=\"section\" data-e-type=\"section\">\n\t\t\t\t\t\t<div class=\"elementor-container elementor-column-gap-default\">\n\t\t\t\t\t<div data-pp-wrapper-link=\"{&quot;url&quot;:&quot;#&quot;,&quot;is_external&quot;:&quot;&quot;,&quot;nofollow&quot;:&quot;&quot;}\" class=\"pp-wrapper-link elementor-column elementor-col-50 elementor-inner-column elementor-element elementor-element-6bad7c8\" data-id=\"6bad7c8\" data-element_type=\"column\" data-e-type=\"column\">\n\t\t\t<div class=\"elementor-widget-wrap elementor-element-populated\">\n\t\t\t\t\t\t<div class=\"elementor-element elementor-element-a932d4f elementor-widget elementor-widget-heading\" data-id=\"a932d4f\" data-element_type=\"widget\" data-e-type=\"widget\" data-widget_type=\"heading.default\">\n\t\t\t\t<div class=\"elementor-widget-container\">\n\t\t\t\t\t<h1 class=\"elementor-heading-title elementor-size-default\">Other Solutions<\/h1>\t\t\t\t<\/div>\n\t\t\t\t<\/div>\n\t\t\t\t\t<\/div>\n\t\t<\/div>\n\t\t\t\t<div class=\"elementor-column elementor-col-50 elementor-inner-column elementor-element elementor-element-10aa3cb\" data-id=\"10aa3cb\" data-element_type=\"column\" data-e-type=\"column\">\n\t\t\t<div class=\"elementor-widget-wrap\">\n\t\t\t\t\t\t\t<\/div>\n\t\t<\/div>\n\t\t\t\t\t<\/div>\n\t\t<\/section>\n\t\t\t\t\t<\/div>\n\t\t<\/div>\n\t\t\t\t\t<\/div>\n\t\t<\/section>\n\t\t\t\t<section class=\"elementor-section elementor-top-section elementor-element elementor-element-2d752a3 elementor-reverse-mobile elementor-section-boxed elementor-section-height-default elementor-section-height-default\" data-id=\"2d752a3\" data-element_type=\"section\" data-e-type=\"section\">\n\t\t\t\t\t\t<div class=\"elementor-container elementor-column-gap-default\">\n\t\t\t\t\t<div class=\"elementor-column elementor-col-50 elementor-top-column elementor-element elementor-element-589e058b\" data-id=\"589e058b\" data-element_type=\"column\" data-e-type=\"column\">\n\t\t\t<div class=\"elementor-widget-wrap elementor-element-populated\">\n\t\t\t\t\t\t<div class=\"elementor-element elementor-element-73ebff37 elementor-widget elementor-widget-heading\" data-id=\"73ebff37\" data-element_type=\"widget\" data-e-type=\"widget\" data-widget_type=\"heading.default\">\n\t\t\t\t<div class=\"elementor-widget-container\">\n\t\t\t\t\t<h2 class=\"elementor-heading-title elementor-size-default\">ONE SMALL STEP FOR MAN \u2013 ONE GIANT LEAP FOR HIGH-END TECHNOLOGY<\/h2>\t\t\t\t<\/div>\n\t\t\t\t<\/div>\n\t\t\t\t<div class=\"elementor-element elementor-element-6c11a37f elementor-widget elementor-widget-text-editor\" data-id=\"6c11a37f\" data-element_type=\"widget\" data-e-type=\"widget\" data-widget_type=\"text-editor.default\">\n\t\t\t\t<div class=\"elementor-widget-container\">\n\t\t\t\t\t\t\t\t\t<p>Wir sind ein europaweit anerkannter Spezialist f\u00fcr die Herstellung und Entwicklung von Planoptik und Rundoptik und deren Kombination zu Baugruppen mit kleinsten Dimensionen. Mit massgeschneiderten, innovativen L\u00f6sungen f\u00fcr s\u00e4mtliche Kundenbed\u00fcrfnisse greifen wir nach den Sternen.<\/p>\t\t\t\t\t\t\t\t<\/div>\n\t\t\t\t<\/div>\n\t\t\t\t\t<\/div>\n\t\t<\/div>\n\t\t\t\t<div class=\"elementor-column elementor-col-50 elementor-top-column elementor-element elementor-element-27444943\" data-id=\"27444943\" data-element_type=\"column\" data-e-type=\"column\">\n\t\t\t<div class=\"elementor-widget-wrap elementor-element-populated\">\n\t\t\t\t\t\t<div class=\"elementor-element elementor-element-187f46b2 elementor-widget elementor-widget-image\" data-id=\"187f46b2\" data-element_type=\"widget\" data-e-type=\"widget\" data-widget_type=\"image.default\">\n\t\t\t\t<div class=\"elementor-widget-container\">\n\t\t\t\t\t\t\t\t\t\t\t\t\t\t\t<img fetchpriority=\"high\" decoding=\"async\" width=\"555\" height=\"400\" src=\"https:\/\/www.feinwerkoptik-zuend.ch\/wp-content\/uploads\/2021\/12\/other-individuell.jpg\" class=\"attachment-medium_large size-medium_large wp-image-355\" alt=\"\" srcset=\"https:\/\/www.feinwerkoptik-zuend.ch\/wp-content\/uploads\/2021\/12\/other-individuell.jpg 555w, https:\/\/www.feinwerkoptik-zuend.ch\/wp-content\/uploads\/2021\/12\/other-individuell-300x216.jpg 300w\" sizes=\"(max-width: 555px) 100vw, 555px\" \/>\t\t\t\t\t\t\t\t\t\t\t\t\t\t\t<\/div>\n\t\t\t\t<\/div>\n\t\t\t\t\t<\/div>\n\t\t<\/div>\n\t\t\t\t\t<\/div>\n\t\t<\/section>\n\t\t\t\t<section class=\"elementor-section elementor-top-section elementor-element elementor-element-1aeec785 elementor-section-boxed elementor-section-height-default elementor-section-height-default\" data-id=\"1aeec785\" data-element_type=\"section\" data-e-type=\"section\">\n\t\t\t\t\t\t<div class=\"elementor-container elementor-column-gap-default\">\n\t\t\t\t\t<div class=\"elementor-column elementor-col-50 elementor-top-column elementor-element elementor-element-e67266\" data-id=\"e67266\" data-element_type=\"column\" data-e-type=\"column\">\n\t\t\t<div class=\"elementor-widget-wrap elementor-element-populated\">\n\t\t\t\t\t\t<div class=\"elementor-element elementor-element-65ca466c elementor-widget elementor-widget-image\" data-id=\"65ca466c\" data-element_type=\"widget\" data-e-type=\"widget\" data-widget_type=\"image.default\">\n\t\t\t\t<div class=\"elementor-widget-container\">\n\t\t\t\t\t\t\t\t\t\t\t\t\t\t\t<img decoding=\"async\" width=\"555\" height=\"400\" src=\"https:\/\/www.feinwerkoptik-zuend.ch\/wp-content\/uploads\/2021\/12\/other-highend.jpg\" class=\"attachment-medium_large size-medium_large wp-image-354\" alt=\"\" srcset=\"https:\/\/www.feinwerkoptik-zuend.ch\/wp-content\/uploads\/2021\/12\/other-highend.jpg 555w, https:\/\/www.feinwerkoptik-zuend.ch\/wp-content\/uploads\/2021\/12\/other-highend-300x216.jpg 300w\" sizes=\"(max-width: 555px) 100vw, 555px\" \/>\t\t\t\t\t\t\t\t\t\t\t\t\t\t\t<\/div>\n\t\t\t\t<\/div>\n\t\t\t\t\t<\/div>\n\t\t<\/div>\n\t\t\t\t<div class=\"elementor-column elementor-col-50 elementor-top-column elementor-element elementor-element-7238ac4c\" data-id=\"7238ac4c\" data-element_type=\"column\" data-e-type=\"column\">\n\t\t\t<div class=\"elementor-widget-wrap elementor-element-populated\">\n\t\t\t\t\t\t<div class=\"elementor-element elementor-element-6ba8a7ea elementor-widget elementor-widget-heading\" data-id=\"6ba8a7ea\" data-element_type=\"widget\" data-e-type=\"widget\" data-widget_type=\"heading.default\">\n\t\t\t\t<div class=\"elementor-widget-container\">\n\t\t\t\t\t<h2 class=\"elementor-heading-title elementor-size-default\">CUSTOM MANUFACTURING FOR SPECIFIC REQUIREMENTS<\/h2>\t\t\t\t<\/div>\n\t\t\t\t<\/div>\n\t\t\t\t<div class=\"elementor-element elementor-element-6360f36a elementor-widget elementor-widget-text-editor\" data-id=\"6360f36a\" data-element_type=\"widget\" data-e-type=\"widget\" data-widget_type=\"text-editor.default\">\n\t\t\t\t<div class=\"elementor-widget-container\">\n\t\t\t\t\t\t\t\t\t<p>Das Ergebnis schweizerischer Qualit\u00e4tsarbeit sind optische Komponenten und optomechanische Baugruppen von h\u00f6chster G\u00fcte und kompromissloser Perfektion. Auf diese Art werden die geforderten Spezifikationen eingehalten und die Standhaltung gegen\u00fcber den herausfordernden Umgebungsbedingungen gew\u00e4hrleistet. Wir wissen: Aussergew\u00f6hnliche Anwendungsbedingungen erfordern aussergew\u00f6hnliche Leistungen. Reden Sie mit uns \u00fcber Ihre speziellen Anspr\u00fcche! Wir lieben Herausforderungen wie sie die High-End-Technik stellt. Nur so laufen wir zu Bestleistungen auf.<\/p>\t\t\t\t\t\t\t\t<\/div>\n\t\t\t\t<\/div>\n\t\t\t\t\t<\/div>\n\t\t<\/div>\n\t\t\t\t\t<\/div>\n\t\t<\/section>\n\t\t\t\t<section class=\"elementor-section elementor-top-section elementor-element elementor-element-5b001a60 elementor-section-boxed elementor-section-height-default elementor-section-height-default\" data-id=\"5b001a60\" data-element_type=\"section\" data-e-type=\"section\" id=\"tech-ref\">\n\t\t\t\t\t\t<div class=\"elementor-container elementor-column-gap-default\">\n\t\t\t\t\t<div class=\"elementor-column elementor-col-100 elementor-top-column elementor-element elementor-element-18a9bd48\" data-id=\"18a9bd48\" data-element_type=\"column\" data-e-type=\"column\">\n\t\t\t<div class=\"elementor-widget-wrap elementor-element-populated\">\n\t\t\t\t\t\t<div class=\"elementor-element elementor-element-7e372c01 elementor-widget elementor-widget-heading\" data-id=\"7e372c01\" data-element_type=\"widget\" data-e-type=\"widget\" data-widget_type=\"heading.default\">\n\t\t\t\t<div class=\"elementor-widget-container\">\n\t\t\t\t\t<h2 class=\"elementor-heading-title elementor-size-default\">Some references<\/h2>\t\t\t\t<\/div>\n\t\t\t\t<\/div>\n\t\t\t\t\t<\/div>\n\t\t<\/div>\n\t\t\t\t\t<\/div>\n\t\t<\/section>\n\t\t\t\t<section class=\"elementor-section elementor-top-section elementor-element elementor-element-6bd67ae elementor-section-boxed elementor-section-height-default elementor-section-height-default\" data-id=\"6bd67ae\" data-element_type=\"section\" data-e-type=\"section\">\n\t\t\t\t\t\t<div class=\"elementor-container elementor-column-gap-default\">\n\t\t\t\t\t<div class=\"elementor-column elementor-col-33 elementor-top-column elementor-element elementor-element-4170f88\" data-id=\"4170f88\" data-element_type=\"column\" data-e-type=\"column\">\n\t\t\t<div class=\"elementor-widget-wrap elementor-element-populated\">\n\t\t\t\t\t\t<div class=\"elementor-element elementor-element-b6c3481 open-download-form elementor-position-top elementor-widget elementor-widget-image-box\" data-id=\"b6c3481\" data-element_type=\"widget\" data-e-type=\"widget\" data-widget_type=\"image-box.default\">\n\t\t\t\t<div class=\"elementor-widget-container\">\n\t\t\t\t\t<div class=\"elementor-image-box-wrapper\"><figure class=\"elementor-image-box-img\"><a href=\"\/wp-content\/uploads\/2022\/01\/CaseStudy_SPIFFI_171114_englisch.pdf\" target=\"_blank\" tabindex=\"-1\"><img decoding=\"async\" src=\"https:\/\/www.feinwerkoptik-zuend.ch\/wp-content\/uploads\/elementor\/thumbs\/weltall-pj7pgodwofsdwpstngm7aj3lcdesob2p16sqldb5jk.jpeg\" title=\"weltall\" alt=\"weltall\" loading=\"lazy\" \/><\/a><\/figure><div class=\"elementor-image-box-content\"><h4 class=\"elementor-image-box-title\"><a href=\"\/wp-content\/uploads\/2022\/01\/CaseStudy_SPIFFI_171114_englisch.pdf\" target=\"_blank\">IMAGE SLICER FOR SPIFFI<\/a><\/h4><p class=\"elementor-image-box-description\">The image slicer devides the image into 32 equal sized elements and arranges one element by another to a pseudo long image chain. The goal was to undermatch all the challenging specifications and tolerances of angles and position of each single element.\n\n<\/p><\/div><\/div>\t\t\t\t<\/div>\n\t\t\t\t<\/div>\n\t\t\t\t<div class=\"elementor-element elementor-element-ce8fec7 open-download-form elementor-widget elementor-widget-button\" data-id=\"ce8fec7\" data-element_type=\"widget\" data-e-type=\"widget\" data-widget_type=\"button.default\">\n\t\t\t\t<div class=\"elementor-widget-container\">\n\t\t\t\t\t\t\t\t\t<div class=\"elementor-button-wrapper\">\n\t\t\t\t\t<a class=\"elementor-button elementor-button-link elementor-size-sm\" href=\"\/wp-content\/uploads\/2022\/01\/CaseStudy_SPIFFI_171114_englisch.pdf\" target=\"_blank\">\n\t\t\t\t\t\t<span class=\"elementor-button-content-wrapper\">\n\t\t\t\t\t\t\t\t\t<span class=\"elementor-button-text\">Case Study<\/span>\n\t\t\t\t\t<\/span>\n\t\t\t\t\t<\/a>\n\t\t\t\t<\/div>\n\t\t\t\t\t\t\t\t<\/div>\n\t\t\t\t<\/div>\n\t\t\t\t\t<\/div>\n\t\t<\/div>\n\t\t\t\t<div class=\"elementor-column elementor-col-33 elementor-top-column elementor-element elementor-element-eed4c2f\" data-id=\"eed4c2f\" data-element_type=\"column\" data-e-type=\"column\">\n\t\t\t<div class=\"elementor-widget-wrap\">\n\t\t\t\t\t\t\t<\/div>\n\t\t<\/div>\n\t\t\t\t<div class=\"elementor-column elementor-col-33 elementor-top-column elementor-element elementor-element-b67c5b3\" data-id=\"b67c5b3\" data-element_type=\"column\" data-e-type=\"column\">\n\t\t\t<div class=\"elementor-widget-wrap\">\n\t\t\t\t\t\t\t<\/div>\n\t\t<\/div>\n\t\t\t\t\t<\/div>\n\t\t<\/section>\n\t\t\t\t<\/div>","protected":false},"excerpt":{"rendered":"<p>Other Solutions EIN KLEINER SCHRITT F\u00dcR DEN MENSCHEN \u2013 EIN GROSSER SCHRITT F\u00dcR DIE HIGH-END-TECHNIK Wir sind ein europaweit anerkannter Spezialist f\u00fcr die Herstellung und Entwicklung von Planoptik und Rundoptik und deren Kombination zu Baugruppen mit kleinsten Dimensionen. Mit massgeschneiderten, innovativen L\u00f6sungen f\u00fcr s\u00e4mtliche Kundenbed\u00fcrfnisse greifen wir nach den Sternen. INDIVIDUELLE FERTIGUNGEN F\u00dcR SPEZIELLE ANFORDERUNGEN. &#8230; <a title=\"Other\" class=\"read-more\" href=\"https:\/\/www.feinwerkoptik-zuend.ch\/en\/weitere\/\" aria-label=\"More on Weitere\">Read more<\/a><\/p>","protected":false},"author":1,"featured_media":0,"parent":0,"menu_order":0,"comment_status":"closed","ping_status":"closed","template":"","meta":{"footnotes":""},"class_list":["post-31","page","type-page","status-publish"],"_links":{"self":[{"href":"https:\/\/www.feinwerkoptik-zuend.ch\/en\/wp-json\/wp\/v2\/pages\/31","targetHints":{"allow":["GET"]}}],"collection":[{"href":"https:\/\/www.feinwerkoptik-zuend.ch\/en\/wp-json\/wp\/v2\/pages"}],"about":[{"href":"https:\/\/www.feinwerkoptik-zuend.ch\/en\/wp-json\/wp\/v2\/types\/page"}],"author":[{"embeddable":true,"href":"https:\/\/www.feinwerkoptik-zuend.ch\/en\/wp-json\/wp\/v2\/users\/1"}],"replies":[{"embeddable":true,"href":"https:\/\/www.feinwerkoptik-zuend.ch\/en\/wp-json\/wp\/v2\/comments?post=31"}],"version-history":[{"count":46,"href":"https:\/\/www.feinwerkoptik-zuend.ch\/en\/wp-json\/wp\/v2\/pages\/31\/revisions"}],"predecessor-version":[{"id":893,"href":"https:\/\/www.feinwerkoptik-zuend.ch\/en\/wp-json\/wp\/v2\/pages\/31\/revisions\/893"}],"wp:attachment":[{"href":"https:\/\/www.feinwerkoptik-zuend.ch\/en\/wp-json\/wp\/v2\/media?parent=31"}],"curies":[{"name":"wp","href":"https:\/\/api.w.org\/{rel}","templated":true}]}}