{"id":654,"date":"2021-12-31T11:17:11","date_gmt":"2021-12-31T10:17:11","guid":{"rendered":"https:\/\/www.feinwerkoptik-zuend.ch\/?page_id=654"},"modified":"2022-12-21T07:53:43","modified_gmt":"2022-12-21T06:53:43","slug":"impressum","status":"publish","type":"page","link":"https:\/\/www.feinwerkoptik-zuend.ch\/en\/impressum\/","title":{"rendered":"Impressum"},"content":{"rendered":"<h1 class=\"wp-block-heading\">IMPRESSUM<\/h1>\n\n\n\n<p>Feinwerkoptik Z\u00fcnd AG<br>Haldenstrasse 3<br>CH- 9470 Werdenberg<\/p>\n\n\n\n<p>T +41 81 750 39 39<br>F +41 81 750 39 30<\/p>\n\n\n\n<h5 class=\"wp-block-heading\">CEO<\/h5>\n\n\n\n<p>Ren\u00e9 Z\u00fcnd<\/p>\n\n\n\n<h5 class=\"wp-block-heading\">Konzept &amp; Marketing<\/h5>\n\n\n\n<p>cdg Beratungen<br>Boulevard Lilienthal 44<br>CH-8152 Z\u00fcrich-Glattpark<br>Tel. +41 44 886 21 41<br>Fax +41 44 886 21 42<\/p>\n\n\n\n<h5 class=\"wp-block-heading\">Entwicklung &amp; Design<\/h5>\n\n\n\n<p>Sidora AG<br>Archplatz 2<br>CH-8400 Winterthur<\/p>\n\n\n\n<p>Telefon:\u00a0<a href=\"tel:+41445002555\">+41 44 500 25 55<\/a><br>Email:\u00a0info@sidora.ch<br>Website:<a href=\"https:\/\/www.bexeo.com\/de\"> <\/a><a href=\"https:\/\/www.sidora.ch\">www.sidora.ch<\/a><\/p>","protected":false},"excerpt":{"rendered":"<p>IMPRESSUM Feinwerkoptik Z\u00fcnd AGHaldenstrasse 3CH- 9470 Werdenberg T +41 81 750 39 39F +41 81 750 39 30 CEO Ren\u00e9 Z\u00fcnd Konzept &amp; Marketing cdg BeratungenBoulevard Lilienthal 44CH-8152 Z\u00fcrich-GlattparkTel. +41 44 886 21 41Fax +41 44 886 21 42 Entwicklung &amp; Design Sidora AGArchplatz 2CH-8400 Winterthur Telefon:\u00a0+41 44 500 25 55Email:\u00a0info@sidora.chWebsite: www.sidora.ch<\/p>","protected":false},"author":2,"featured_media":0,"parent":0,"menu_order":0,"comment_status":"closed","ping_status":"closed","template":"","meta":{"footnotes":""},"class_list":["post-654","page","type-page","status-publish"],"_links":{"self":[{"href":"https:\/\/www.feinwerkoptik-zuend.ch\/en\/wp-json\/wp\/v2\/pages\/654","targetHints":{"allow":["GET"]}}],"collection":[{"href":"https:\/\/www.feinwerkoptik-zuend.ch\/en\/wp-json\/wp\/v2\/pages"}],"about":[{"href":"https:\/\/www.feinwerkoptik-zuend.ch\/en\/wp-json\/wp\/v2\/types\/page"}],"author":[{"embeddable":true,"href":"https:\/\/www.feinwerkoptik-zuend.ch\/en\/wp-json\/wp\/v2\/users\/2"}],"replies":[{"embeddable":true,"href":"https:\/\/www.feinwerkoptik-zuend.ch\/en\/wp-json\/wp\/v2\/comments?post=654"}],"version-history":[{"count":2,"href":"https:\/\/www.feinwerkoptik-zuend.ch\/en\/wp-json\/wp\/v2\/pages\/654\/revisions"}],"predecessor-version":[{"id":1429,"href":"https:\/\/www.feinwerkoptik-zuend.ch\/en\/wp-json\/wp\/v2\/pages\/654\/revisions\/1429"}],"wp:attachment":[{"href":"https:\/\/www.feinwerkoptik-zuend.ch\/en\/wp-json\/wp\/v2\/media?parent=654"}],"curies":[{"name":"wp","href":"https:\/\/api.w.org\/{rel}","templated":true}]}}