{"id":781,"date":"2022-01-18T12:32:00","date_gmt":"2022-01-18T11:32:00","guid":{"rendered":"https:\/\/www.feinwerkoptik-zuend.ch\/?page_id=781"},"modified":"2022-01-18T15:18:04","modified_gmt":"2022-01-18T14:18:04","slug":"beratung-2","status":"publish","type":"page","link":"https:\/\/www.feinwerkoptik-zuend.ch\/en\/kompetenzen\/beratung-2\/","title":{"rendered":"Consulting"},"content":{"rendered":"<div data-elementor-type=\"wp-page\" data-elementor-id=\"781\" class=\"elementor elementor-781\" data-elementor-post-type=\"page\">\n\t\t\t\t\t\t<section class=\"elementor-section elementor-top-section elementor-element elementor-element-3fafb06 elementor-section-boxed elementor-section-height-default elementor-section-height-default\" data-id=\"3fafb06\" data-element_type=\"section\" data-e-type=\"section\">\n\t\t\t\t\t\t<div class=\"elementor-container elementor-column-gap-default\">\n\t\t\t\t\t<div class=\"elementor-column elementor-col-100 elementor-top-column elementor-element elementor-element-252e334\" data-id=\"252e334\" data-element_type=\"column\" data-e-type=\"column\">\n\t\t\t<div class=\"elementor-widget-wrap elementor-element-populated\">\n\t\t\t\t\t\t<div class=\"elementor-element elementor-element-0c34059 elementor-widget elementor-widget-heading\" data-id=\"0c34059\" data-element_type=\"widget\" data-e-type=\"widget\" data-widget_type=\"heading.default\">\n\t\t\t\t<div class=\"elementor-widget-container\">\n\t\t\t\t\t<h1 class=\"elementor-heading-title elementor-size-default\">Consulting<\/h1>\t\t\t\t<\/div>\n\t\t\t\t<\/div>\n\t\t\t\t\t<\/div>\n\t\t<\/div>\n\t\t\t\t\t<\/div>\n\t\t<\/section>\n\t\t\t\t<section class=\"elementor-section elementor-top-section elementor-element elementor-element-4312fff0 elementor-reverse-mobile elementor-section-boxed elementor-section-height-default elementor-section-height-default\" data-id=\"4312fff0\" data-element_type=\"section\" data-e-type=\"section\">\n\t\t\t\t\t\t<div class=\"elementor-container elementor-column-gap-default\">\n\t\t\t\t\t<div class=\"elementor-column elementor-col-50 elementor-top-column elementor-element elementor-element-4f640e8e\" data-id=\"4f640e8e\" data-element_type=\"column\" data-e-type=\"column\">\n\t\t\t<div class=\"elementor-widget-wrap elementor-element-populated\">\n\t\t\t\t\t\t<div class=\"elementor-element elementor-element-600a1a2d elementor-widget elementor-widget-text-editor\" data-id=\"600a1a2d\" data-element_type=\"widget\" data-e-type=\"widget\" data-widget_type=\"text-editor.default\">\n\t\t\t\t<div class=\"elementor-widget-container\">\n\t\t\t\t\t\t\t\t\t<p>In the first step of the project, we work with the customer to develop the requirements and expectations of the new product from the user's point of view.<\/p><p>We analyze both the customer needs and the application down to the finest detail, describe the workflow, take the existing portfolio into account, examine possible technologies and identify unique selling points.<\/p><p>From the application requirements, we derive the most suitable photonic concept based on light-based technologies.<\/p><p>We identify the right technologies and find the best concept.<\/p><p>We enrich the complex systems with cutting edge technologies by using our leading optics know-how, considering and integrating bionic ideas, and integrating digital components. We use our specialization in miniaturization to implement as much functionality as possible in the smallest of spaces.\n\nLast but not least, we have world-leading expertise in stereo vision and optical zoom design.<\/p>\t\t\t\t\t\t\t\t<\/div>\n\t\t\t\t<\/div>\n\t\t\t\t\t<\/div>\n\t\t<\/div>\n\t\t\t\t<div class=\"elementor-column elementor-col-50 elementor-top-column elementor-element elementor-element-1c32884\" data-id=\"1c32884\" data-element_type=\"column\" data-e-type=\"column\">\n\t\t\t<div class=\"elementor-widget-wrap\">\n\t\t\t\t\t\t\t<\/div>\n\t\t<\/div>\n\t\t\t\t\t<\/div>\n\t\t<\/section>\n\t\t\t\t<section class=\"elementor-section elementor-top-section elementor-element elementor-element-31d074a elementor-section-boxed elementor-section-height-default elementor-section-height-default\" data-id=\"31d074a\" data-element_type=\"section\" data-e-type=\"section\">\n\t\t\t\t\t\t<div class=\"elementor-container elementor-column-gap-default\">\n\t\t\t\t\t<div class=\"elementor-column elementor-col-25 elementor-top-column elementor-element elementor-element-60acb3a\" data-id=\"60acb3a\" data-element_type=\"column\" data-e-type=\"column\">\n\t\t\t<div class=\"elementor-widget-wrap elementor-element-populated\">\n\t\t\t\t\t\t<div class=\"elementor-element elementor-element-7e80172 elementor-position-top elementor-widget elementor-widget-image-box\" data-id=\"7e80172\" data-element_type=\"widget\" data-e-type=\"widget\" data-widget_type=\"image-box.default\">\n\t\t\t\t<div class=\"elementor-widget-container\">\n\t\t\t\t\t<div class=\"elementor-image-box-wrapper\"><figure class=\"elementor-image-box-img\"><a href=\"\/en\/kompetenzen\/beratung-2\/\" tabindex=\"-1\"><img fetchpriority=\"high\" decoding=\"async\" width=\"600\" height=\"283\" src=\"https:\/\/www.feinwerkoptik-zuend.ch\/wp-content\/uploads\/2022\/01\/step-1-active-600px.png\" class=\"attachment-full size-full wp-image-794\" alt=\"\" srcset=\"https:\/\/www.feinwerkoptik-zuend.ch\/wp-content\/uploads\/2022\/01\/step-1-active-600px.png 600w, https:\/\/www.feinwerkoptik-zuend.ch\/wp-content\/uploads\/2022\/01\/step-1-active-600px-300x142.png 300w, https:\/\/www.feinwerkoptik-zuend.ch\/wp-content\/uploads\/2022\/01\/step-1-active-600px-18x8.png 18w\" sizes=\"(max-width: 600px) 100vw, 600px\" \/><\/a><\/figure><div class=\"elementor-image-box-content\"><h5 class=\"elementor-image-box-title\"><a href=\"\/en\/kompetenzen\/beratung-2\/\">Identify right things  to do<\/a><\/h5><\/div><\/div>\t\t\t\t<\/div>\n\t\t\t\t<\/div>\n\t\t\t\t\t<\/div>\n\t\t<\/div>\n\t\t\t\t<div class=\"elementor-column elementor-col-25 elementor-top-column elementor-element elementor-element-29dd3d9\" data-id=\"29dd3d9\" data-element_type=\"column\" data-e-type=\"column\">\n\t\t\t<div class=\"elementor-widget-wrap elementor-element-populated\">\n\t\t\t\t\t\t<div class=\"elementor-element elementor-element-868eb28 elementor-position-top elementor-widget elementor-widget-image-box\" data-id=\"868eb28\" data-element_type=\"widget\" data-e-type=\"widget\" data-widget_type=\"image-box.default\">\n\t\t\t\t<div class=\"elementor-widget-container\">\n\t\t\t\t\t<div class=\"elementor-image-box-wrapper\"><figure class=\"elementor-image-box-img\"><a href=\"\/en\/kompetenzen\/entwicklung-2\/\" tabindex=\"-1\"><img decoding=\"async\" width=\"600\" height=\"283\" src=\"https:\/\/www.feinwerkoptik-zuend.ch\/wp-content\/uploads\/2022\/01\/step-2-600px.png\" class=\"attachment-full size-full wp-image-795\" alt=\"\" srcset=\"https:\/\/www.feinwerkoptik-zuend.ch\/wp-content\/uploads\/2022\/01\/step-2-600px.png 600w, https:\/\/www.feinwerkoptik-zuend.ch\/wp-content\/uploads\/2022\/01\/step-2-600px-300x142.png 300w, https:\/\/www.feinwerkoptik-zuend.ch\/wp-content\/uploads\/2022\/01\/step-2-600px-18x8.png 18w\" sizes=\"(max-width: 600px) 100vw, 600px\" \/><\/a><\/figure><div class=\"elementor-image-box-content\"><h5 class=\"elementor-image-box-title\"><a href=\"\/en\/kompetenzen\/entwicklung-2\/\">Do the right things  right<\/a><\/h5><\/div><\/div>\t\t\t\t<\/div>\n\t\t\t\t<\/div>\n\t\t\t\t\t<\/div>\n\t\t<\/div>\n\t\t\t\t<div class=\"elementor-column elementor-col-25 elementor-top-column elementor-element elementor-element-bed1dbf\" data-id=\"bed1dbf\" data-element_type=\"column\" data-e-type=\"column\">\n\t\t\t<div class=\"elementor-widget-wrap elementor-element-populated\">\n\t\t\t\t\t\t<div class=\"elementor-element elementor-element-21a056b elementor-position-top elementor-widget elementor-widget-image-box\" data-id=\"21a056b\" data-element_type=\"widget\" data-e-type=\"widget\" data-widget_type=\"image-box.default\">\n\t\t\t\t<div class=\"elementor-widget-container\">\n\t\t\t\t\t<div class=\"elementor-image-box-wrapper\"><figure class=\"elementor-image-box-img\"><a href=\"\/en\/kompetenzen\/produktion-2\/\" tabindex=\"-1\"><img decoding=\"async\" width=\"600\" height=\"283\" src=\"https:\/\/www.feinwerkoptik-zuend.ch\/wp-content\/uploads\/2022\/01\/step-3-600px.png\" class=\"attachment-full size-full wp-image-797\" alt=\"\" srcset=\"https:\/\/www.feinwerkoptik-zuend.ch\/wp-content\/uploads\/2022\/01\/step-3-600px.png 600w, https:\/\/www.feinwerkoptik-zuend.ch\/wp-content\/uploads\/2022\/01\/step-3-600px-300x142.png 300w, https:\/\/www.feinwerkoptik-zuend.ch\/wp-content\/uploads\/2022\/01\/step-3-600px-18x8.png 18w\" sizes=\"(max-width: 600px) 100vw, 600px\" \/><\/a><\/figure><div class=\"elementor-image-box-content\"><h5 class=\"elementor-image-box-title\"><a href=\"\/en\/kompetenzen\/produktion-2\/\">Represent quality and reliability<\/a><\/h5><\/div><\/div>\t\t\t\t<\/div>\n\t\t\t\t<\/div>\n\t\t\t\t\t<\/div>\n\t\t<\/div>\n\t\t\t\t<div class=\"elementor-column elementor-col-25 elementor-top-column elementor-element elementor-element-c8a681a\" data-id=\"c8a681a\" data-element_type=\"column\" data-e-type=\"column\">\n\t\t\t<div class=\"elementor-widget-wrap\">\n\t\t\t\t\t\t\t<\/div>\n\t\t<\/div>\n\t\t\t\t\t<\/div>\n\t\t<\/section>\n\t\t\t\t<\/div>","protected":false},"excerpt":{"rendered":"<p>Beratung Im ersten Projektschritt erarbeiten wir mit dem Kunden zusammen die Anforderungen und Erwartungen an das neue Produkt aus Anwendersicht. Dabei analysieren wir sowohl die Kundenbed\u00fcrfnisse als auch die Anwendung aufs feinste Detail, beschreiben den Arbeitsfluss, ber\u00fccksichtigen das vorhandene Portfolio, untersuchen m\u00f6gliche Technologien und identifizieren Alleinstellungsmerkmale. Aus den Anwendungsanforderungen leiten wir das geeignetste, auf lichtbasierenden &#8230; <a title=\"Consulting\" class=\"read-more\" href=\"https:\/\/www.feinwerkoptik-zuend.ch\/en\/kompetenzen\/beratung-2\/\" aria-label=\"More on Beratung\">Read more<\/a><\/p>","protected":false},"author":2,"featured_media":0,"parent":23,"menu_order":0,"comment_status":"closed","ping_status":"closed","template":"","meta":{"footnotes":""},"class_list":["post-781","page","type-page","status-publish"],"_links":{"self":[{"href":"https:\/\/www.feinwerkoptik-zuend.ch\/en\/wp-json\/wp\/v2\/pages\/781","targetHints":{"allow":["GET"]}}],"collection":[{"href":"https:\/\/www.feinwerkoptik-zuend.ch\/en\/wp-json\/wp\/v2\/pages"}],"about":[{"href":"https:\/\/www.feinwerkoptik-zuend.ch\/en\/wp-json\/wp\/v2\/types\/page"}],"author":[{"embeddable":true,"href":"https:\/\/www.feinwerkoptik-zuend.ch\/en\/wp-json\/wp\/v2\/users\/2"}],"replies":[{"embeddable":true,"href":"https:\/\/www.feinwerkoptik-zuend.ch\/en\/wp-json\/wp\/v2\/comments?post=781"}],"version-history":[{"count":15,"href":"https:\/\/www.feinwerkoptik-zuend.ch\/en\/wp-json\/wp\/v2\/pages\/781\/revisions"}],"predecessor-version":[{"id":851,"href":"https:\/\/www.feinwerkoptik-zuend.ch\/en\/wp-json\/wp\/v2\/pages\/781\/revisions\/851"}],"up":[{"embeddable":true,"href":"https:\/\/www.feinwerkoptik-zuend.ch\/en\/wp-json\/wp\/v2\/pages\/23"}],"wp:attachment":[{"href":"https:\/\/www.feinwerkoptik-zuend.ch\/en\/wp-json\/wp\/v2\/media?parent=781"}],"curies":[{"name":"wp","href":"https:\/\/api.w.org\/{rel}","templated":true}]}}