{"id":809,"date":"2022-01-18T14:47:17","date_gmt":"2022-01-18T13:47:17","guid":{"rendered":"https:\/\/www.feinwerkoptik-zuend.ch\/?page_id=809"},"modified":"2022-01-18T17:39:52","modified_gmt":"2022-01-18T16:39:52","slug":"entwicklung-2","status":"publish","type":"page","link":"https:\/\/www.feinwerkoptik-zuend.ch\/en\/kompetenzen\/entwicklung-2\/","title":{"rendered":"Development"},"content":{"rendered":"<div data-elementor-type=\"wp-page\" data-elementor-id=\"809\" class=\"elementor elementor-809\" data-elementor-post-type=\"page\">\n\t\t\t\t\t\t<section class=\"elementor-section elementor-top-section elementor-element elementor-element-55e09e73 elementor-section-boxed elementor-section-height-default elementor-section-height-default\" data-id=\"55e09e73\" data-element_type=\"section\" data-e-type=\"section\">\n\t\t\t\t\t\t<div class=\"elementor-container elementor-column-gap-default\">\n\t\t\t\t\t<div class=\"elementor-column elementor-col-100 elementor-top-column elementor-element elementor-element-6bc788cd\" data-id=\"6bc788cd\" data-element_type=\"column\" data-e-type=\"column\">\n\t\t\t<div class=\"elementor-widget-wrap elementor-element-populated\">\n\t\t\t\t\t\t<div class=\"elementor-element elementor-element-6173f8bf elementor-widget elementor-widget-heading\" data-id=\"6173f8bf\" data-element_type=\"widget\" data-e-type=\"widget\" data-widget_type=\"heading.default\">\n\t\t\t\t<div class=\"elementor-widget-container\">\n\t\t\t\t\t<h1 class=\"elementor-heading-title elementor-size-default\">Development<\/h1>\t\t\t\t<\/div>\n\t\t\t\t<\/div>\n\t\t\t\t\t<\/div>\n\t\t<\/div>\n\t\t\t\t\t<\/div>\n\t\t<\/section>\n\t\t\t\t<section class=\"elementor-section elementor-top-section elementor-element elementor-element-14945c0f elementor-reverse-mobile elementor-section-boxed elementor-section-height-default elementor-section-height-default\" data-id=\"14945c0f\" data-element_type=\"section\" data-e-type=\"section\">\n\t\t\t\t\t\t<div class=\"elementor-container elementor-column-gap-default\">\n\t\t\t\t\t<div class=\"elementor-column elementor-col-50 elementor-top-column elementor-element elementor-element-5dc45120\" data-id=\"5dc45120\" data-element_type=\"column\" data-e-type=\"column\">\n\t\t\t<div class=\"elementor-widget-wrap elementor-element-populated\">\n\t\t\t\t\t\t<div class=\"elementor-element elementor-element-5756c7ce elementor-widget elementor-widget-text-editor\" data-id=\"5756c7ce\" data-element_type=\"widget\" data-e-type=\"widget\" data-widget_type=\"text-editor.default\">\n\t\t\t\t<div class=\"elementor-widget-container\">\n\t\t\t\t\t\t\t\t\t<p>After the optimal concept has been found and discussed, the product development is professionally implemented in the system design.<\/p><p>However, it is also possible that no concept phase is carried out at the customer's request and detailed development is started directly. However, this requires knowledge of the concept.<\/p><p>When developing the system design, commercially available software is used for the optical design and mechanical design. In addition, these tools - in particular the optics design software Code V - were supplemented with powerful, self-written macros and thus empirical values \u200b\u200bin order to ultimately know the developed system even better and to produce even more securely and stably.<\/p><p>During the design phase, too, we use our distinctive optics and optomechanical design knowledge and develop imaging or non-imaging systems, zoom systems, focusing and miniaturized systems.<\/p><p>We often also lead interdisciplinary teams for hardware and software as well as image processing and digitization by jointly determining the specifications.<\/p>\t\t\t\t\t\t\t\t<\/div>\n\t\t\t\t<\/div>\n\t\t\t\t\t<\/div>\n\t\t<\/div>\n\t\t\t\t<div class=\"elementor-column elementor-col-50 elementor-top-column elementor-element elementor-element-3543555f\" data-id=\"3543555f\" data-element_type=\"column\" data-e-type=\"column\">\n\t\t\t<div class=\"elementor-widget-wrap elementor-element-populated\">\n\t\t\t\t\t\t<div class=\"elementor-element elementor-element-8722fdd elementor-widget__width-initial elementor-widget elementor-widget-image\" data-id=\"8722fdd\" data-element_type=\"widget\" data-e-type=\"widget\" data-widget_type=\"image.default\">\n\t\t\t\t<div class=\"elementor-widget-container\">\n\t\t\t\t\t\t\t\t\t\t\t\t\t\t\t<img fetchpriority=\"high\" decoding=\"async\" width=\"1024\" height=\"331\" src=\"https:\/\/www.feinwerkoptik-zuend.ch\/wp-content\/uploads\/2022\/01\/entwicklung-img-content-1200px-1024x331.png\" class=\"attachment-large size-large wp-image-865\" alt=\"\" srcset=\"https:\/\/www.feinwerkoptik-zuend.ch\/wp-content\/uploads\/2022\/01\/entwicklung-img-content-1200px-1024x331.png 1024w, https:\/\/www.feinwerkoptik-zuend.ch\/wp-content\/uploads\/2022\/01\/entwicklung-img-content-1200px-300x97.png 300w, https:\/\/www.feinwerkoptik-zuend.ch\/wp-content\/uploads\/2022\/01\/entwicklung-img-content-1200px-768x248.png 768w, https:\/\/www.feinwerkoptik-zuend.ch\/wp-content\/uploads\/2022\/01\/entwicklung-img-content-1200px-18x6.png 18w, https:\/\/www.feinwerkoptik-zuend.ch\/wp-content\/uploads\/2022\/01\/entwicklung-img-content-1200px.png 1200w\" sizes=\"(max-width: 1024px) 100vw, 1024px\" \/>\t\t\t\t\t\t\t\t\t\t\t\t\t\t\t<\/div>\n\t\t\t\t<\/div>\n\t\t\t\t\t<\/div>\n\t\t<\/div>\n\t\t\t\t\t<\/div>\n\t\t<\/section>\n\t\t\t\t<section class=\"elementor-section elementor-top-section elementor-element elementor-element-7ab7bfc9 elementor-section-boxed elementor-section-height-default elementor-section-height-default\" data-id=\"7ab7bfc9\" data-element_type=\"section\" data-e-type=\"section\">\n\t\t\t\t\t\t<div class=\"elementor-container elementor-column-gap-default\">\n\t\t\t\t\t<div class=\"elementor-column elementor-col-25 elementor-top-column elementor-element elementor-element-166414bf\" data-id=\"166414bf\" data-element_type=\"column\" data-e-type=\"column\">\n\t\t\t<div class=\"elementor-widget-wrap elementor-element-populated\">\n\t\t\t\t\t\t<div class=\"elementor-element elementor-element-73debd4 elementor-position-top elementor-widget elementor-widget-image-box\" data-id=\"73debd4\" data-element_type=\"widget\" data-e-type=\"widget\" data-widget_type=\"image-box.default\">\n\t\t\t\t<div class=\"elementor-widget-container\">\n\t\t\t\t\t<div class=\"elementor-image-box-wrapper\"><figure class=\"elementor-image-box-img\"><a href=\"\/en\/kompetenzen\/beratung-2\/\" tabindex=\"-1\"><img decoding=\"async\" width=\"600\" height=\"283\" src=\"https:\/\/www.feinwerkoptik-zuend.ch\/wp-content\/uploads\/2022\/01\/step-1-600px.png\" class=\"attachment-full size-full wp-image-793\" alt=\"\" srcset=\"https:\/\/www.feinwerkoptik-zuend.ch\/wp-content\/uploads\/2022\/01\/step-1-600px.png 600w, https:\/\/www.feinwerkoptik-zuend.ch\/wp-content\/uploads\/2022\/01\/step-1-600px-300x142.png 300w, https:\/\/www.feinwerkoptik-zuend.ch\/wp-content\/uploads\/2022\/01\/step-1-600px-18x8.png 18w\" sizes=\"(max-width: 600px) 100vw, 600px\" \/><\/a><\/figure><div class=\"elementor-image-box-content\"><h5 class=\"elementor-image-box-title\"><a href=\"\/en\/kompetenzen\/beratung-2\/\">Identify right things  to do<\/a><\/h5><\/div><\/div>\t\t\t\t<\/div>\n\t\t\t\t<\/div>\n\t\t\t\t\t<\/div>\n\t\t<\/div>\n\t\t\t\t<div class=\"elementor-column elementor-col-25 elementor-top-column elementor-element elementor-element-75246c6b\" data-id=\"75246c6b\" data-element_type=\"column\" data-e-type=\"column\">\n\t\t\t<div class=\"elementor-widget-wrap elementor-element-populated\">\n\t\t\t\t\t\t<div class=\"elementor-element elementor-element-6c029d2c elementor-position-top elementor-widget elementor-widget-image-box\" data-id=\"6c029d2c\" data-element_type=\"widget\" data-e-type=\"widget\" data-widget_type=\"image-box.default\">\n\t\t\t\t<div class=\"elementor-widget-container\">\n\t\t\t\t\t<div class=\"elementor-image-box-wrapper\"><figure class=\"elementor-image-box-img\"><a href=\"\/en\/kompetenzen\/entwicklung-2\/\" tabindex=\"-1\"><img decoding=\"async\" width=\"600\" height=\"283\" src=\"https:\/\/www.feinwerkoptik-zuend.ch\/wp-content\/uploads\/2022\/01\/step-2-active-600px.png\" class=\"attachment-full size-full wp-image-796\" alt=\"\" srcset=\"https:\/\/www.feinwerkoptik-zuend.ch\/wp-content\/uploads\/2022\/01\/step-2-active-600px.png 600w, https:\/\/www.feinwerkoptik-zuend.ch\/wp-content\/uploads\/2022\/01\/step-2-active-600px-300x142.png 300w, https:\/\/www.feinwerkoptik-zuend.ch\/wp-content\/uploads\/2022\/01\/step-2-active-600px-18x8.png 18w\" sizes=\"(max-width: 600px) 100vw, 600px\" \/><\/a><\/figure><div class=\"elementor-image-box-content\"><h5 class=\"elementor-image-box-title\"><a href=\"\/en\/kompetenzen\/entwicklung-2\/\">Do the right things  right<\/a><\/h5><\/div><\/div>\t\t\t\t<\/div>\n\t\t\t\t<\/div>\n\t\t\t\t\t<\/div>\n\t\t<\/div>\n\t\t\t\t<div class=\"elementor-column elementor-col-25 elementor-top-column elementor-element elementor-element-6b9c7ed9\" data-id=\"6b9c7ed9\" data-element_type=\"column\" data-e-type=\"column\">\n\t\t\t<div class=\"elementor-widget-wrap elementor-element-populated\">\n\t\t\t\t\t\t<div class=\"elementor-element elementor-element-43f99279 elementor-position-top elementor-widget elementor-widget-image-box\" data-id=\"43f99279\" data-element_type=\"widget\" data-e-type=\"widget\" data-widget_type=\"image-box.default\">\n\t\t\t\t<div class=\"elementor-widget-container\">\n\t\t\t\t\t<div class=\"elementor-image-box-wrapper\"><figure class=\"elementor-image-box-img\"><a href=\"\/en\/kompetenzen\/produktion-2\/\" tabindex=\"-1\"><img loading=\"lazy\" decoding=\"async\" width=\"600\" height=\"283\" src=\"https:\/\/www.feinwerkoptik-zuend.ch\/wp-content\/uploads\/2022\/01\/step-3-600px.png\" class=\"attachment-full size-full wp-image-797\" alt=\"\" srcset=\"https:\/\/www.feinwerkoptik-zuend.ch\/wp-content\/uploads\/2022\/01\/step-3-600px.png 600w, https:\/\/www.feinwerkoptik-zuend.ch\/wp-content\/uploads\/2022\/01\/step-3-600px-300x142.png 300w, https:\/\/www.feinwerkoptik-zuend.ch\/wp-content\/uploads\/2022\/01\/step-3-600px-18x8.png 18w\" sizes=\"(max-width: 600px) 100vw, 600px\" \/><\/a><\/figure><div class=\"elementor-image-box-content\"><h5 class=\"elementor-image-box-title\"><a href=\"\/en\/kompetenzen\/produktion-2\/\">Represent quality and reliability<\/a><\/h5><\/div><\/div>\t\t\t\t<\/div>\n\t\t\t\t<\/div>\n\t\t\t\t\t<\/div>\n\t\t<\/div>\n\t\t\t\t<div class=\"elementor-column elementor-col-25 elementor-top-column elementor-element elementor-element-43bab2b3\" data-id=\"43bab2b3\" data-element_type=\"column\" data-e-type=\"column\">\n\t\t\t<div class=\"elementor-widget-wrap\">\n\t\t\t\t\t\t\t<\/div>\n\t\t<\/div>\n\t\t\t\t\t<\/div>\n\t\t<\/section>\n\t\t\t\t<\/div>","protected":false},"excerpt":{"rendered":"<p>Entwicklung Nachdem das optimale Konzept gefunden und besprochen wurde, wird im System Design die Produktentwicklung fachgerecht umgesetzt. Es kann aber auch sein, dass auf Kundenwunsch keine Konzeptphase durchgef\u00fchrt wird und direkt mit der detaillierten Entwicklung gestartet wird. Dies setzt allerdings die Kenntnis \u00fcber das Konzept voraus. Bei der Erarbeitung des Systemdesigns werden f\u00fcr das Optik &#8230; <a title=\"Development\" class=\"read-more\" href=\"https:\/\/www.feinwerkoptik-zuend.ch\/en\/kompetenzen\/entwicklung-2\/\" aria-label=\"More on Entwicklung\">Read more<\/a><\/p>","protected":false},"author":2,"featured_media":0,"parent":23,"menu_order":0,"comment_status":"closed","ping_status":"closed","template":"","meta":{"footnotes":""},"class_list":["post-809","page","type-page","status-publish"],"_links":{"self":[{"href":"https:\/\/www.feinwerkoptik-zuend.ch\/en\/wp-json\/wp\/v2\/pages\/809","targetHints":{"allow":["GET"]}}],"collection":[{"href":"https:\/\/www.feinwerkoptik-zuend.ch\/en\/wp-json\/wp\/v2\/pages"}],"about":[{"href":"https:\/\/www.feinwerkoptik-zuend.ch\/en\/wp-json\/wp\/v2\/types\/page"}],"author":[{"embeddable":true,"href":"https:\/\/www.feinwerkoptik-zuend.ch\/en\/wp-json\/wp\/v2\/users\/2"}],"replies":[{"embeddable":true,"href":"https:\/\/www.feinwerkoptik-zuend.ch\/en\/wp-json\/wp\/v2\/comments?post=809"}],"version-history":[{"count":13,"href":"https:\/\/www.feinwerkoptik-zuend.ch\/en\/wp-json\/wp\/v2\/pages\/809\/revisions"}],"predecessor-version":[{"id":868,"href":"https:\/\/www.feinwerkoptik-zuend.ch\/en\/wp-json\/wp\/v2\/pages\/809\/revisions\/868"}],"up":[{"embeddable":true,"href":"https:\/\/www.feinwerkoptik-zuend.ch\/en\/wp-json\/wp\/v2\/pages\/23"}],"wp:attachment":[{"href":"https:\/\/www.feinwerkoptik-zuend.ch\/en\/wp-json\/wp\/v2\/media?parent=809"}],"curies":[{"name":"wp","href":"https:\/\/api.w.org\/{rel}","templated":true}]}}